{"id":3,"date":"2020-06-11T17:47:19","date_gmt":"2020-06-11T17:47:19","guid":{"rendered":"https:\/\/www.casillerodeldiablo.com\/?page_id=3"},"modified":"2020-08-03T01:29:20","modified_gmt":"2020-08-03T05:29:20","slug":"privacy-policy","status":"publish","type":"page","link":"https:\/\/www.casillerodeldiablo.com\/pt\/privacy-policy\/","title":{"rendered":"Privacy Policy"},"content":{"rendered":"<h3>Introdu\u00e7\u00e3o<\/h3>\r\n            <p>Obrigado por fazer parte da nossa comunidade!<\/p>\r\n\r\n            <p>Casillero del Diablo tem o compromisso de respeitar e proteger os direitos de privacidade e as informa\u00e7\u00f5es pessoais, tanto dos visitantes do nosso site quanto dos usu\u00e1rios que participam das nossas redes sociais e\/ou que recebem informa\u00e7\u00f5es e promo\u00e7\u00f5es via e-mail.<\/p>\r\n            <p>As seguintes condi\u00e7\u00f5es t\u00eam como objetivo informar sobre a forma como recolhemos, armazenamos e usamos os dados dos nossos usu\u00e1rios e como eles podem pedir para apagar as suas informa\u00e7\u00f5es.<\/p>\r\n            <p>Estas condi\u00e7\u00f5es se aplicam a visitas ao nosso site, \u00e0s marcas parceiras, aos aplicativos m\u00f3veis, \u00e0s listas de inscri\u00e7\u00e3o de e-mails, \u00e0 participa\u00e7\u00e3o em concursos, tanto locais quanto em redes sociais, nos quais se aplique esta pol\u00edtica de privacidade e uso de dados.<\/p>\r\n            <p>A partir de maio de 2018, Casillero del Diablo aderiu aos princ\u00edpios do Regulamento Geral sobre a Prote\u00e7\u00e3o de Dados da Uni\u00e3o Europeia, que d\u00e1 \u00e0s pessoas direitos sobre os seus dados pessoais.<\/p>\r\n\r\n            <h4>Como coletamos os dados?<\/h4>\r\n            <p>Compilamos dados pessoais por meio de formul\u00e1rios, nos quais as pessoas se registram voluntariamente e aceitam os termos e as condi\u00e7\u00f5es associados a essa requisi\u00e7\u00e3o de informa\u00e7\u00e3o, consentindo com as Condi\u00e7\u00f5es de Privacidade e Uso de Dados, em:<\/p>\r\n            <ul class=\"privacy\">\r\n                <li>visita \u00e0 vin\u00edcola Concha y Toro;<\/li>\r\n                <li>participa\u00e7\u00e3o em concursos por meio do site, do Twitter, do Facebook ou do Instagram;<\/li>\r\n                <li>atualiza\u00e7\u00e3o de dados por meio de campanhas direcionadas, disseminadas atrav\u00e9s de meios de comunica\u00e7\u00e3o de massa ou on-line; e<\/li>\r\n                <li>outros mecanismos de coleta de dados dos produtos da empresa Concha y Toro que aderem a esses regulamentos.<\/li>\r\n            <\/ul>\r\n\r\n            <h4>Quais dados coletamos?<\/h4>\r\n            <p>Os dados cadastrados s\u00e3o aqueles que os usu\u00e1rios enviam voluntariamente por meio de um formul\u00e1rio, seja no nosso site, seja nas nossas redes sociais, entre os quais est\u00e3o:<\/p>\r\n            \r\n            <ul class=\"privacy\">\r\n                <li>nomes e sobrenomes;<\/li>\r\n                <li>data de nascimento;<\/li>\r\n                <li>idade;<\/li>\r\n                <li>e-mail;<\/li>\r\n                <li>pa\u00eds de resid\u00eancia;<\/li>\r\n                <li>c\u00f3digo postal; e<\/li>\r\n                <li>g\u00eanero.<\/li>\r\n            <\/ul>\r\n            \r\n            <p>Al\u00e9m disso, pode incluir outros dados que identifiquem uma prefer\u00eancia sobre os nossos produtos ou dados espec\u00edficos e relevantes para a mec\u00e2nica do concurso ou da atividade para a qual os dados s\u00e3o solicitados.<\/p>\r\n            <p>No nosso site, coletamos dados por meio de cookies, que armazenam informa\u00e7\u00f5es sobre a idade e as prefer\u00eancias gerais dos usu\u00e1rios, mas que n\u00e3o est\u00e3o associadas a dados pessoais.<\/p>\r\n\r\n            <h4>Como usamos os seus dados pessoais?<\/h4>\r\n            <p>Casillero del Diablo tem o compromisso de oferecer a melhor experi\u00eancia com os nossos vinhos. Portanto, usamos os dados que os usu\u00e1rios nos fornecem para entregar um conte\u00fado de acordo com a sua prefer\u00eancia, e inclusive personalizado.<\/p>\r\n            <p>Os dados de contato s\u00e3o utilizados para lhe dar informa\u00e7\u00f5es relevantes, promo\u00e7\u00f5es e concursos exclusivos que t\u00eam o objetivo de fidelizar e proporcionar uma melhor experi\u00eancia de consumo, mediante aceita\u00e7\u00e3o dos termos e condi\u00e7\u00f5es associados ao registro dos dados e desta Pol\u00edtica de Privacidade e Uso de Dados.<\/p>\r\n            <p>Qualquer comunica\u00e7\u00e3o de Casillero del Diablo est\u00e1 orientada a pessoas maiores de 18 anos ou com a idade permitida para consumir bebida alco\u00f3lica em seu pa\u00eds de resid\u00eancia.<\/p>\r\n\r\n            <h4>Como armazenamos os seus dados pessoais?<\/h4>\r\n            <p>A base de dados com as informa\u00e7\u00f5es dos nossos usu\u00e1rios est\u00e1 armazenada em servidores em Santiago do Chile, sob medidas de seguran\u00e7a estritas para evitar o mau uso, a interfer\u00eancia, a perda ou o acesso n\u00e3o autorizado.<\/p>\r\n            <p>Casillero del Diablo n\u00e3o compartilha nem vende os dados armazenados a terceiros, mas usa as informa\u00e7\u00f5es para enviar material sobre as suas marcas associadas, sempre relacionado com o produto.<\/p>\r\n\r\n            <h4>Como solicitar a exclus\u00e3o dos seus dados pessoais?<\/h4>\r\n            <p>Guardamos apenas os dados pessoais dos usu\u00e1rios que voluntariamente aceitaram enviar as suas informa\u00e7\u00f5es de acordo com os termos e as condi\u00e7\u00f5es aplicados ao formul\u00e1rio e \u00e0 presente Pol\u00edtica de Privacidade e Uso de Dados.<\/p>\r\n            <p>Se um usu\u00e1rio deseja excluir as suas informa\u00e7\u00f5es da base de dados, ele deve enviar um e-mail a remover@casillerodeldiablo.com e comunicar a sua decis\u00e3o, que ser\u00e1 processada em um prazo m\u00e1ximo de 48 horas.\r\n            Al\u00e9m disso, em cada e-mail est\u00e1 dispon\u00edvel o link \u201cCANCELAR O RECEBIMENTO\u201d, com o qual o usu\u00e1rio automaticamente impede que cheguem novas mensagens sobre a marca.<\/p>\r\n\r\n            <h4>Mudan\u00e7as na pol\u00edtica de privacidade<\/h4>\r\n            <p>A presente pol\u00edtica pode sofrer modifica\u00e7\u00f5es. Por\u00e9m, quando se tratarem de mudan\u00e7as importantes, elas ser\u00e3o notificadas via e-mail a todos os nossos usu\u00e1rios.<\/p>\r\n\r\n            <h4>D\u00favidas<\/h4>\r\n            <p>Em caso de d\u00favida sobre a nossa pol\u00edtica, pedimos que voc\u00ea entre em contato por meio do formul\u00e1rio dispon\u00edvel em www.casillerodeldiablo.com\/contacto.<\/p>\r\n\r\n            <p>Obrigado pela sua confian\u00e7a e por fazer parte da Lenda!<\/p>","protected":false},"excerpt":{"rendered":"Introdu\u00e7\u00e3o Obrigado por fazer parte da nossa comunidade! Casillero del Diablo tem o compromisso de respeitar e proteger os direitos de privacidade e as informa\u00e7\u00f5es pessoais, tanto dos visitantes do nosso site quanto dos usu\u00e1rios que participam das nossas redes sociais e\/ou que recebem informa\u00e7\u00f5es e promo\u00e7\u00f5es via e-mail. As seguintes condi\u00e7\u00f5es t\u00eam como objetivo [&hellip;]","protected":false},"author":6,"featured_media":0,"parent":0,"menu_order":0,"comment_status":"closed","ping_status":"open","template":"","meta":{"_acf_changed":false,"footnotes":""},"class_list":["post-3","page","type-page","status-publish","hentry"],"acf":[],"_links":{"self":[{"href":"https:\/\/www.casillerodeldiablo.com\/pt\/wp-json\/wp\/v2\/pages\/3","targetHints":{"allow":["GET"]}}],"collection":[{"href":"https:\/\/www.casillerodeldiablo.com\/pt\/wp-json\/wp\/v2\/pages"}],"about":[{"href":"https:\/\/www.casillerodeldiablo.com\/pt\/wp-json\/wp\/v2\/types\/page"}],"author":[{"embeddable":true,"href":"https:\/\/www.casillerodeldiablo.com\/pt\/wp-json\/wp\/v2\/users\/6"}],"replies":[{"embeddable":true,"href":"https:\/\/www.casillerodeldiablo.com\/pt\/wp-json\/wp\/v2\/comments?post=3"}],"version-history":[{"count":3,"href":"https:\/\/www.casillerodeldiablo.com\/pt\/wp-json\/wp\/v2\/pages\/3\/revisions"}],"predecessor-version":[{"id":792,"href":"https:\/\/www.casillerodeldiablo.com\/pt\/wp-json\/wp\/v2\/pages\/3\/revisions\/792"}],"wp:attachment":[{"href":"https:\/\/www.casillerodeldiablo.com\/pt\/wp-json\/wp\/v2\/media?parent=3"}],"curies":[{"name":"wp","href":"https:\/\/api.w.org\/{rel}","templated":true}]}}