{"id":2594,"date":"2023-09-28T12:33:25","date_gmt":"2023-09-28T15:33:25","guid":{"rendered":"https:\/\/www.casillerodeldiablo.com\/?page_id=2594"},"modified":"2023-10-10T16:41:51","modified_gmt":"2023-10-10T19:41:51","slug":"devils-carnaval","status":"publish","type":"page","link":"https:\/\/www.casillerodeldiablo.com\/pt\/the-wines\/devils-carnaval\/","title":{"rendered":"Devil&#8217;s Carnaval"},"content":{"rendered":"<span style=\"font-weight: 400;\">Quatro vinhos incr\u00edveis que se inspiram no esp\u00edrito de celebra\u00e7\u00e3o e alegria. O Carnaval do Diabo foi criado para quem v\u00ea todos os dias como um bom motivo para comemorar. Vinhos expressivos e sedutores que ir\u00e3o encantar e surpreender.<\/span>","protected":false},"excerpt":{"rendered":"Quatro vinhos incr\u00edveis que se inspiram no esp\u00edrito de celebra\u00e7\u00e3o e alegria. O Carnaval do Diabo foi criado para quem v\u00ea todos os dias como um bom motivo para comemorar. Vinhos expressivos e sedutores que ir\u00e3o encantar e surpreender.","protected":false},"author":6,"featured_media":2664,"parent":13,"menu_order":2,"comment_status":"closed","ping_status":"closed","template":"","meta":{"_acf_changed":false,"footnotes":""},"class_list":["post-2594","page","type-page","status-publish","has-post-thumbnail","hentry"],"acf":[],"_links":{"self":[{"href":"https:\/\/www.casillerodeldiablo.com\/pt\/wp-json\/wp\/v2\/pages\/2594","targetHints":{"allow":["GET"]}}],"collection":[{"href":"https:\/\/www.casillerodeldiablo.com\/pt\/wp-json\/wp\/v2\/pages"}],"about":[{"href":"https:\/\/www.casillerodeldiablo.com\/pt\/wp-json\/wp\/v2\/types\/page"}],"author":[{"embeddable":true,"href":"https:\/\/www.casillerodeldiablo.com\/pt\/wp-json\/wp\/v2\/users\/6"}],"replies":[{"embeddable":true,"href":"https:\/\/www.casillerodeldiablo.com\/pt\/wp-json\/wp\/v2\/comments?post=2594"}],"version-history":[{"count":7,"href":"https:\/\/www.casillerodeldiablo.com\/pt\/wp-json\/wp\/v2\/pages\/2594\/revisions"}],"predecessor-version":[{"id":2650,"href":"https:\/\/www.casillerodeldiablo.com\/pt\/wp-json\/wp\/v2\/pages\/2594\/revisions\/2650"}],"up":[{"embeddable":true,"href":"https:\/\/www.casillerodeldiablo.com\/pt\/wp-json\/wp\/v2\/pages\/13"}],"wp:featuredmedia":[{"embeddable":true,"href":"https:\/\/www.casillerodeldiablo.com\/pt\/wp-json\/wp\/v2\/media\/2664"}],"wp:attachment":[{"href":"https:\/\/www.casillerodeldiablo.com\/pt\/wp-json\/wp\/v2\/media?parent=2594"}],"curies":[{"name":"wp","href":"https:\/\/api.w.org\/{rel}","templated":true}]}}