{"id":25,"date":"2020-07-07T16:56:42","date_gmt":"2020-07-07T20:56:42","guid":{"rendered":"https:\/\/www.casillerodeldiablo.com\/?page_id=25"},"modified":"2021-01-12T15:59:02","modified_gmt":"2021-01-12T18:59:02","slug":"travel-retail","status":"publish","type":"page","link":"https:\/\/www.casillerodeldiablo.com\/pt\/the-wines\/travel-retail\/","title":{"rendered":"Travel Retail"},"content":{"rendered":"Esta linha \u00e9 composta por tr\u00eas Cabernet Sauvignon de qualidade superior, de tr\u00eas vales de vinhos chilenos de renome: Vale do Maule, Vale do Rapel e Vale do Maipo. Esses diferentes terroirs conferem uma personalidade \u00fanica a cada um desses Cabernet Sauvignon.","protected":false},"excerpt":{"rendered":"Esta linha \u00e9 composta por tr\u00eas Cabernet Sauvignon de qualidade superior, de tr\u00eas vales de vinhos chilenos de renome: Vale do Maule, Vale do Rapel e Vale do Maipo. Esses diferentes terroirs conferem uma personalidade \u00fanica a cada um desses Cabernet Sauvignon.","protected":false},"author":6,"featured_media":1952,"parent":13,"menu_order":5,"comment_status":"closed","ping_status":"closed","template":"","meta":{"_acf_changed":false,"footnotes":""},"class_list":["post-25","page","type-page","status-publish","has-post-thumbnail","hentry"],"acf":[],"_links":{"self":[{"href":"https:\/\/www.casillerodeldiablo.com\/pt\/wp-json\/wp\/v2\/pages\/25","targetHints":{"allow":["GET"]}}],"collection":[{"href":"https:\/\/www.casillerodeldiablo.com\/pt\/wp-json\/wp\/v2\/pages"}],"about":[{"href":"https:\/\/www.casillerodeldiablo.com\/pt\/wp-json\/wp\/v2\/types\/page"}],"author":[{"embeddable":true,"href":"https:\/\/www.casillerodeldiablo.com\/pt\/wp-json\/wp\/v2\/users\/6"}],"replies":[{"embeddable":true,"href":"https:\/\/www.casillerodeldiablo.com\/pt\/wp-json\/wp\/v2\/comments?post=25"}],"version-history":[{"count":9,"href":"https:\/\/www.casillerodeldiablo.com\/pt\/wp-json\/wp\/v2\/pages\/25\/revisions"}],"predecessor-version":[{"id":2002,"href":"https:\/\/www.casillerodeldiablo.com\/pt\/wp-json\/wp\/v2\/pages\/25\/revisions\/2002"}],"up":[{"embeddable":true,"href":"https:\/\/www.casillerodeldiablo.com\/pt\/wp-json\/wp\/v2\/pages\/13"}],"wp:featuredmedia":[{"embeddable":true,"href":"https:\/\/www.casillerodeldiablo.com\/pt\/wp-json\/wp\/v2\/media\/1952"}],"wp:attachment":[{"href":"https:\/\/www.casillerodeldiablo.com\/pt\/wp-json\/wp\/v2\/media?parent=25"}],"curies":[{"name":"wp","href":"https:\/\/api.w.org\/{rel}","templated":true}]}}