{"id":2017,"date":"2021-03-08T16:42:44","date_gmt":"2021-03-08T19:42:44","guid":{"rendered":"https:\/\/www.casillerodeldiablo.com\/?page_id=2017"},"modified":"2021-03-08T16:43:52","modified_gmt":"2021-03-08T19:43:52","slug":"chile-open-2021","status":"publish","type":"page","link":"https:\/\/www.casillerodeldiablo.com\/pt\/chile-open-2021\/","title":{"rendered":"T\u00e9rminos y Condiciones SORTEO ENTRADAS ATP 2021"},"content":{"rendered":"<strong>PRIMERO \/ Antecedentes Generales<\/strong>\r\n\r\nCasillero del Diablo realizar\u00e1 un concurso desde el LUNES 8 AL MI\u00c9RCOLES 10 DE MARZO en su Instagram: <a href=\"https:\/\/www.instagram.com\/casillero_diablo\/\">https:\/\/www.instagram.com\/casillero_diablo\/<\/a> y Facebook: <a href=\"https:\/\/www.facebook.com\/casillerodeldiablo\/\">https:\/\/www.facebook.com\/casillerodeldiablo\/<\/a>\r\n\r\nConcha y Toro, a trav\u00e9s de su marca Casillero del Diablo es el organizador y facilitador de esta promoci\u00f3n y sus premios (como se detallar\u00e1 a continuaci\u00f3n). Estos t\u00e9rminos y condiciones son entre Concha y Toro y los participantes en esta promoci\u00f3n.\r\n\r\n&nbsp;\r\n\r\n<strong>SEGUNDO \/ Requisitos para participar<\/strong>\r\n\r\nPodr\u00e1n participar en el sorteo todas las personas naturales, mayores de edad, residentes en Chile continental, que comenten en la publicaci\u00f3n del sorteo en Facebook o Instagram.\r\n\r\n&nbsp;\r\n\r\n<strong>TERCERO\/ Mec\u00e1nica y requerimientos<\/strong>\r\n\r\nPara participar, los usuarios deben seguir la cuenta de Casillero del Diablo &#8211; ya sea en Facebook e Instagram dependiendo de la plataforma en la que est\u00e9n participando &#8211; y comentar en la publicaci\u00f3n respondiendo correctamente a la pregunta:<strong> \u00bfCu\u00e1ntos t\u00edtulos ATP tiene Christian Gar\u00edn?. <\/strong>\r\n\r\n&nbsp;\r\n\r\n<strong>CUARTO \/ Aceptaci\u00f3n de T\u00e9rminos y Condiciones, publicaci\u00f3n y manejo de datos<\/strong>\r\n\r\nEstas bases legales se entender\u00e1n \u00edntegra y totalmente conocidas y aceptadas por todas las personas que sean parte de este concurso, careciendo del derecho a deducir reclamo o acci\u00f3n de cualquier naturaleza en contra de Casillero del Diablo y\/o de quien act\u00fae en su nombre.\r\n\r\n&nbsp;\r\n\r\nAsimismo, al participar del presente concurso, el usuario nos da su consentimiento para que los datos registrados en el sitio sean almacenados y tratados, con el fin de sortear al ganador y despu\u00e9s comunicarnos con \u00e9l.\r\n\r\n&nbsp;\r\n\r\nEl uso de los datos enviados, adem\u00e1s est\u00e1 sujeto a las Condiciones de Privacidad y Uso de Datos de Casillero del Diablo. En cualquier momento, los participantes pueden revocar su consentimiento y oponerse al tratamiento de sus datos, teniendo los derechos de acceso, eliminaci\u00f3n, modificaci\u00f3n o bloqueo de los mismos, de acuerdo a la Ley 19.628 sobre \u201cProtecci\u00f3n de Datos Personales\u201d, y el c\u00f3digo de conducta de la IAB Chile. No obstante, si usted ejerce cualquiera de estas acciones y decide oponerse al tratamiento de sus datos, queda inmediatamente excluido de participar del presente concurso. Para efectos del ejercicio de derechos, el participante podr\u00e1 ponerse en contacto al correo remover@casillerodeldiablo.com y comunicar su decisi\u00f3n de revocar su participaci\u00f3n.\r\n\r\n&nbsp;\r\n\r\n<strong>QUINTO \/ Restricciones y Exclusiones<\/strong>\r\n\r\nNo podr\u00e1n participar en este concurso aquellas personas que sean empleados de Vi\u00f1a Concha y Toro ni sus familiares directos, y tampoco personal que trabaje en la agencia a cargo de la administraci\u00f3n de las redes sociales de la marca.\r\n\r\n&nbsp;\r\n\r\n<strong>SEXTO \/ Determinaci\u00f3n de los Ganadores<\/strong>\r\n\r\nSe sortear\u00e1 en total a diecisiete (17) ganadores de una entrada para formar parte del p\u00fablico virtual de los partidos de semifinal o final del torneo ATP &#8211; Chile Open 2021, transmitidos por La Red.\r\n\r\n&nbsp;\r\n\r\nEl proceso de determinaci\u00f3n del ganador consiste en un sorteo aleatorio (v\u00eda https:\/\/www.random.org) en las dependencias de la agencia realizadora del concurso, entre todos los participantes quienes hayan respondido correctamente a la pregunta realizada en la publicaci\u00f3n y que hayan cumplido con el punto SEGUNDO y TERCERO.\r\n\r\n&nbsp;\r\n\r\nEl nombre de los ganadores y ganadoras se dar\u00e1 a conocer en una publicaci\u00f3n en las stories del Instagram de Casillero del Diablo el d\u00eda del sorteo JUEVES 11 DE MARZO y como respuesta en los respectivos comentarios ganadores en la publicaci\u00f3n de Facebook e Instagram.\r\n\r\n&nbsp;\r\n\r\n<strong>S\u00c9PTIMO \/ Premio<\/strong>\r\n\r\nSe sortear\u00e1 en total a diecisiete (17) ganadores de una entrada para formar parte del p\u00fablico virtual de los partidos de semifinal o final del torneo ATP &#8211; Chile Open 2021, transmitidos por La Red.\r\n\r\n&nbsp;\r\n\r\nLos premios se dividir\u00e1n de la siguiente forma:\r\n<ul>\r\n \t<li>5 ganadores de una entrada virtual cada uno para la Semifinal 1 del VIERNES 12 DE MARZO<\/li>\r\n \t<li>5 ganadores de una entrada virtual cada uno para la Semifinal 2 del S\u00c1BADO 13 DE MARZO<\/li>\r\n \t<li>7 ganadores de una entrada virtual cada uno para la Final del DOMINGO 14 DE MARZO<\/li>\r\n<\/ul>\r\n&nbsp;\r\n\r\n<strong>OCTAVO \/ Condiciones para hacer efectivo el premio<\/strong>\r\n\r\n&nbsp;\r\n\r\nDespu\u00e9s de haber sido notificado respondiendo a su comentario en la publicaci\u00f3n de Instagram o Facebook, el ganador tendr\u00e1 que comunicarse ese mismo d\u00eda con Casillero del Diablo por mensaje privado a trav\u00e9s de la misma plataforma.\r\n\r\n&nbsp;\r\n\r\nLuego de la recepci\u00f3n de respuesta del ganador(a), Casillero del Diablo y Concha y Toro se comunicar\u00e1n con \u00e9l o ella para gestionar su premio. Concha y Toro no dar\u00e1 premios a terceros. Los premios no son canjeables por dinero en efectivo o de cualquier otra especie.\r\n\r\n&nbsp;\r\n\r\n<strong>NOVENO\/ Responsabilidades<\/strong>\r\n\r\nTodo participante de la promoci\u00f3n faculta expresamente a Casillero del Diablo para permitir tomar fotograf\u00edas y\/o para utilizar su nombre e imagen en publicaciones sobre el concurso, que se compartir\u00e1n en Instagram y\/o Facebook.\r\n\r\n&nbsp;\r\n\r\n<strong>D\u00c9CIMO\/ Disposiciones Generales<\/strong>\r\n\r\nCasillero del Diablo se reserva el derecho de modificar total o parcialmente los presentes T\u00e9rminos y Condiciones, antes o durante cualquier etapa del concurso, o finalizar anticipadamente la vigencia del mismo, informando al efecto las causas de tal decisi\u00f3n a sus seguidores a trav\u00e9s de su fan page.\r\n\r\n&nbsp;\r\n\r\nCasillero del Diablo se reserva el derecho de publicar y difundir por los medios de comunicaci\u00f3n o redes sociales que estime convenientes, el nombre y\/o las im\u00e1genes del ganador del premio de este concurso. Para estos efectos, podr\u00e1 nombrar, individualizar, fotografiar y\/o filmar a los ganadores, sin que por ello deba efectuarse pago alguno, en dinero o en especies.\r\n\r\n&nbsp;\r\n\r\nAsimismo, Casillero del Diablo y\/o quien act\u00fae en su nombre se reserva el derecho de descalificar e iniciar las acciones legales que procedan en contra de cualquier participante o persona que resulte responsable, en caso de detectar irregularidades durante o despu\u00e9s de la realizaci\u00f3n del presente concurso, tales como falsificaci\u00f3n de datos, suplantaci\u00f3n de personas, adulteraci\u00f3n de informaci\u00f3n, simulaci\u00f3n, etc. Facebook e Instagram, no patrocinan, avalan ni administran de modo alguno esta promoci\u00f3n, ni est\u00e1n asociados a ella.\r\n\r\n&nbsp;\r\n\r\n<strong>D\u00c9CIMO PRIMERO\/ Legislaci\u00f3n y Jurisdicci\u00f3n Aplicable<\/strong>\r\n\r\nLa campa\u00f1a promocional (promoci\u00f3n) se regir\u00e1 por las leyes de la Rep\u00fablica de Chile. En caso de controversia originada por la presente promoci\u00f3n, esto se regir\u00e1 por la jurisdicci\u00f3n de los tribunales comerciales de la ciudad de Santiago.\r\n\r\n&nbsp;\r\n\r\nPara todos los efectos legales se fija domicilio de Casillero del Diablo en la ciudad de Santiago.\r\n\r\n&nbsp;\r\n\r\nSantiago de Chile, lunes 8 de marzo de 2021.\r\n\r\n&nbsp;","protected":false},"excerpt":{"rendered":"PRIMERO \/ Antecedentes Generales Casillero del Diablo realizar\u00e1 un concurso desde el LUNES 8 AL MI\u00c9RCOLES 10 DE MARZO en su Instagram: https:\/\/www.instagram.com\/casillero_diablo\/ y Facebook: https:\/\/www.facebook.com\/casillerodeldiablo\/ Concha y Toro, a trav\u00e9s de su marca Casillero del Diablo es el organizador y facilitador de esta promoci\u00f3n y sus premios (como se detallar\u00e1 a continuaci\u00f3n). Estos t\u00e9rminos [&hellip;]","protected":false},"author":4,"featured_media":0,"parent":0,"menu_order":0,"comment_status":"closed","ping_status":"closed","template":"page-terms.php","meta":{"_acf_changed":false,"footnotes":""},"class_list":["post-2017","page","type-page","status-publish","hentry"],"acf":[],"_links":{"self":[{"href":"https:\/\/www.casillerodeldiablo.com\/pt\/wp-json\/wp\/v2\/pages\/2017","targetHints":{"allow":["GET"]}}],"collection":[{"href":"https:\/\/www.casillerodeldiablo.com\/pt\/wp-json\/wp\/v2\/pages"}],"about":[{"href":"https:\/\/www.casillerodeldiablo.com\/pt\/wp-json\/wp\/v2\/types\/page"}],"author":[{"embeddable":true,"href":"https:\/\/www.casillerodeldiablo.com\/pt\/wp-json\/wp\/v2\/users\/4"}],"replies":[{"embeddable":true,"href":"https:\/\/www.casillerodeldiablo.com\/pt\/wp-json\/wp\/v2\/comments?post=2017"}],"version-history":[{"count":2,"href":"https:\/\/www.casillerodeldiablo.com\/pt\/wp-json\/wp\/v2\/pages\/2017\/revisions"}],"predecessor-version":[{"id":2019,"href":"https:\/\/www.casillerodeldiablo.com\/pt\/wp-json\/wp\/v2\/pages\/2017\/revisions\/2019"}],"wp:attachment":[{"href":"https:\/\/www.casillerodeldiablo.com\/pt\/wp-json\/wp\/v2\/media?parent=2017"}],"curies":[{"name":"wp","href":"https:\/\/api.w.org\/{rel}","templated":true}]}}