{"id":19,"date":"2020-07-07T16:55:07","date_gmt":"2020-07-07T20:55:07","guid":{"rendered":"https:\/\/www.casillerodeldiablo.com\/?page_id=19"},"modified":"2023-09-28T16:10:09","modified_gmt":"2023-09-28T19:10:09","slug":"devils-collection","status":"publish","type":"page","link":"https:\/\/www.casillerodeldiablo.com\/pt\/the-wines\/devils-collection\/","title":{"rendered":"Devil&#8217;s Collection"},"content":{"rendered":"Com um estilo \u00fanico e inovador, a Devil&#8217;s Collection \u00e9 composta por quatro vinhos elaborados sob total crit\u00e9rio do nosso en\u00f3logo. Esta cole\u00e7\u00e3o foi criada para quem sabe curtir cada momento, sem restri\u00e7\u00f5es ou complica\u00e7\u00f5es, com a melhor companhia num ambiente agrad\u00e1vel de distra\u00e7\u00e3o e divers\u00e3o.","protected":false},"excerpt":{"rendered":"Com um estilo \u00fanico e inovador, a Devil&#8217;s Collection \u00e9 composta por quatro vinhos elaborados sob total crit\u00e9rio do nosso en\u00f3logo. Esta cole\u00e7\u00e3o foi criada para quem sabe curtir cada momento, sem restri\u00e7\u00f5es ou complica\u00e7\u00f5es, com a melhor companhia num ambiente agrad\u00e1vel de distra\u00e7\u00e3o e divers\u00e3o.","protected":false},"author":6,"featured_media":1900,"parent":13,"menu_order":2,"comment_status":"closed","ping_status":"closed","template":"","meta":{"_acf_changed":false,"footnotes":""},"class_list":["post-19","page","type-page","status-publish","has-post-thumbnail","hentry"],"acf":[],"_links":{"self":[{"href":"https:\/\/www.casillerodeldiablo.com\/pt\/wp-json\/wp\/v2\/pages\/19","targetHints":{"allow":["GET"]}}],"collection":[{"href":"https:\/\/www.casillerodeldiablo.com\/pt\/wp-json\/wp\/v2\/pages"}],"about":[{"href":"https:\/\/www.casillerodeldiablo.com\/pt\/wp-json\/wp\/v2\/types\/page"}],"author":[{"embeddable":true,"href":"https:\/\/www.casillerodeldiablo.com\/pt\/wp-json\/wp\/v2\/users\/6"}],"replies":[{"embeddable":true,"href":"https:\/\/www.casillerodeldiablo.com\/pt\/wp-json\/wp\/v2\/comments?post=19"}],"version-history":[{"count":10,"href":"https:\/\/www.casillerodeldiablo.com\/pt\/wp-json\/wp\/v2\/pages\/19\/revisions"}],"predecessor-version":[{"id":1999,"href":"https:\/\/www.casillerodeldiablo.com\/pt\/wp-json\/wp\/v2\/pages\/19\/revisions\/1999"}],"up":[{"embeddable":true,"href":"https:\/\/www.casillerodeldiablo.com\/pt\/wp-json\/wp\/v2\/pages\/13"}],"wp:featuredmedia":[{"embeddable":true,"href":"https:\/\/www.casillerodeldiablo.com\/pt\/wp-json\/wp\/v2\/media\/1900"}],"wp:attachment":[{"href":"https:\/\/www.casillerodeldiablo.com\/pt\/wp-json\/wp\/v2\/media?parent=19"}],"curies":[{"name":"wp","href":"https:\/\/api.w.org\/{rel}","templated":true}]}}