{"id":1825,"date":"2020-12-22T07:49:02","date_gmt":"2020-12-22T11:49:02","guid":{"rendered":"https:\/\/www.casillerodeldiablo.com\/?page_id=1825"},"modified":"2020-12-22T08:24:18","modified_gmt":"2020-12-22T12:24:18","slug":"terminos-y-condiciones-concurso-instagram-y-facebook-dia-del-cabernet-sauvignon-2020","status":"publish","type":"page","link":"https:\/\/www.casillerodeldiablo.com\/pt\/terminos-y-condiciones-concurso-instagram-y-facebook-dia-del-cabernet-sauvignon-2020\/","title":{"rendered":"T\u00e9rminos y Condiciones Concurso Instagram y Facebook<br>\u201cD\u00eda del Cabernet Sauvignon 2020\u201d"},"content":{"rendered":"<h5>PRIMERO \/ Antecedentes Generales<\/h5>\r\nCasillero del Diablo realizar\u00e1 un concurso desde el viernes 28 al domingo 30 de agosto de 2020 en su feed de <a href=\"https:\/\/www.instagram.com\/casillero_diablo\/\" target=\"_blank\" rel=\"noopener noreferrer\">Instagram<\/a> y en su <a href=\"https:\/\/www.facebook.com\/casillerodeldiablo\/\" target=\"_blank\" rel=\"noopener noreferrer\">Facebook<\/a>\r\n<h5>SEGUNDO \/ Requisitos para participar<\/h5>\r\nPodr\u00e1n participar en el sorteo todas las personas naturales, mayores de edad en su lugar de residencia, que comenten en el post correspondiente.\r\n<h5>TERCERO\/ Mec\u00e1nica y requerimientos<\/h5>\r\nPara participar en Instagram, los usuarios deben seguirnos y comentar en el post del concurso por el D\u00eda del Cabernet Sauvignon, etiquetando a las personas con quienes les gustar\u00eda compartir un brindis.\r\n\r\nPara participar en Facebook, los usuarios deben comentar en el post del concurso por el D\u00eda del Cabernet Sauvignon, etiquetando a la persona con quien les gustar\u00eda compartir un brindis.\r\n<h5>CUARTO \/ Aceptaci\u00f3n de T\u00e9rminos y Condiciones, publicaci\u00f3n y manejo de datos<\/h5>\r\nEstas bases legales se entender\u00e1n \u00edntegra y totalmente conocidas y aceptadas por todas las personas que sean parte de este concurso, careciendo del derecho a deducir reclamo o acci\u00f3n de cualquier naturaleza en contra de Casillero del Diablo y\/o de quien act\u00fae en su nombre.\r\n\r\nAsimismo, al participar del presente concurso, el usuario nos da su consentimiento para que los datos registrados en el sitio sean almacenados y tratados, con el fin de sortear al ganador y despu\u00e9s comunicarnos con \u00e9l.\r\n\r\nEl uso de los datos enviados, adem\u00e1s est\u00e1 sujeto a las Condiciones de Privacidad y Uso de Datos de Casillero del Diablo. En cualquier momento, los participantes pueden revocar su consentimiento y oponerse al tratamiento de sus datos, teniendo los derechos de acceso, eliminaci\u00f3n, modificaci\u00f3n o bloqueo de los mismos, de acuerdo a la Ley 19.628 sobre \u201cProtecci\u00f3n de Datos Personales\u201d, y el c\u00f3digo de conducta de la IAB Chile. No obstante, si usted ejerce cualquiera de estas acciones y decide oponerse al tratamiento de sus datos, queda inmediatamente excluido de participar del presente concurso. Para efectos del ejercicio de derechos, el participante podr\u00e1 ponerse en contacto al correo remover@casillerodeldiablo.com y comunicar su decisi\u00f3n de revocar su participaci\u00f3n.\r\n<h5>QUINTO \/ Restricciones y Exclusiones<\/h5>\r\nNo podr\u00e1n participar en este concurso aquellas personas que sean empleados de Vi\u00f1a Concha y Toro ni sus familiares directos, y tampoco personal que trabaje en la agencia a cargo de la administraci\u00f3n de las redes sociales de la marca.\r\n<h5>SEXTO \/ Determinaci\u00f3n de los Ganadores<\/h5>\r\nSe sortear\u00e1 a (4) ganadores de una caja de 2 vinos Casillero del Diablo Reserva Cabernet Sauvignon. Dos (2) ganadores entre quienes participaron en Instagram y dos (2) ganadores entre quienes participaron en Facebook.\r\n\r\nEl proceso de determinaci\u00f3n del ganador consiste en un sorteo aleatorio (v\u00eda https:\/\/app-sorteos.com) en las dependencias de la agencia realizadora del concurso, entre todos los participantes que hayan cumplido con el punto SEGUNDO y TERCERO.\r\n\r\nEl nombre del ganador se dar\u00e1 a conocer en una publicaci\u00f3n en las stories del Instagram de Casillero del Diablo el mismo d\u00eda del sorteo, lunes 31 de agosto de 2020.\r\n<h5>S\u00c9PTIMO \/ Premio<\/h5>\r\nCuatro (4) ganadores de una caja de 2 vinos Casillero del Diablo Reserva Cabernet Sauvignon. Dos ganadores en Instagram y dos ganadores en Facebook.\r\n<h5>OCTAVO \/ Condiciones para hacer efectivo el premio<\/h5>\r\nDespu\u00e9s de haber sido notificado, el ganador tendr\u00e1 que comunicarse en los pr\u00f3ximos 3 d\u00edas h\u00e1biles con Casillero del Diablo a trav\u00e9s de mensaje privado en Instagram o Facebook.\r\n\r\nLuego de la recepci\u00f3n de respuesta del ganador(a), Casillero del Diablo y Concha y Toro se comunicar\u00e1n con \u00e9l o ella para gestionar el env\u00edo de su premio. Concha y Toro no dar\u00e1 premios a terceros. Los premios no son canjeables por dinero en efectivo o de cualquier otra especie.\r\n<h5>NOVENO\/ Responsabilidades<\/h5>\r\nTodo participante de la promoci\u00f3n faculta expresamente a Casillero del Diablo para permitir tomar fotograf\u00edas y\/o para utilizar su nombre e imagen en publicaciones sobre el concurso, que se compartir\u00e1n en Instagram y\/o Facebook.\r\n<h5>D\u00c9CIMO\/ Disposiciones Generales<\/h5>\r\nCasillero del Diablo se reserva el derecho de modificar total o parcialmente los presentes T\u00e9rminos y Condiciones, antes o durante cualquier etapa del concurso, o finalizar anticipadamente la vigencia del mismo, informando al efecto las causas de tal decisi\u00f3n a sus seguidores a trav\u00e9s de su fan page.\r\n\r\nCasillero del Diablo se reserva el derecho de publicar y difundir por los medios de comunicaci\u00f3n o redes sociales que estime convenientes, el nombre y\/o las im\u00e1genes del ganador del premio de este concurso. Para estos efectos, podr\u00e1 nombrar, individualizar, fotografiar y\/o filmar a los ganadores, sin que por ello deba efectuarse pago alguno, en dinero o en especies.\r\n\r\nAsimismo, Casillero del Diablo y\/o quien act\u00fae en su nombre se reserva el derecho de descalificar e iniciar las acciones legales que procedan en contra de cualquier participante o persona que resulte responsable, en caso de detectar irregularidades durante o despu\u00e9s de la realizaci\u00f3n del presente concurso, tales como falsificaci\u00f3n de datos, suplantaci\u00f3n de personas, adulteraci\u00f3n de informaci\u00f3n, simulaci\u00f3n, etc. Facebook e Instagram, no patrocinan, avalan ni administran de modo alguno esta promoci\u00f3n, ni est\u00e1n asociado a ella.\r\n\r\nPara todos los efectos legales se fija domicilio de Casillero del Diablo en la ciudad de Santiago.\r\nSantiago de Chile, 27 de agosto de 2020.","protected":false},"excerpt":{"rendered":"PRIMERO \/ Antecedentes Generales Casillero del Diablo realizar\u00e1 un concurso desde el viernes 28 al domingo 30 de agosto de 2020 en su feed de Instagram y en su Facebook SEGUNDO \/ Requisitos para participar Podr\u00e1n participar en el sorteo todas las personas naturales, mayores de edad en su lugar de residencia, que comenten en [&hellip;]","protected":false},"author":4,"featured_media":0,"parent":0,"menu_order":0,"comment_status":"closed","ping_status":"closed","template":"page-terms.php","meta":{"_acf_changed":false,"footnotes":""},"class_list":["post-1825","page","type-page","status-publish","hentry"],"acf":[],"_links":{"self":[{"href":"https:\/\/www.casillerodeldiablo.com\/pt\/wp-json\/wp\/v2\/pages\/1825","targetHints":{"allow":["GET"]}}],"collection":[{"href":"https:\/\/www.casillerodeldiablo.com\/pt\/wp-json\/wp\/v2\/pages"}],"about":[{"href":"https:\/\/www.casillerodeldiablo.com\/pt\/wp-json\/wp\/v2\/types\/page"}],"author":[{"embeddable":true,"href":"https:\/\/www.casillerodeldiablo.com\/pt\/wp-json\/wp\/v2\/users\/4"}],"replies":[{"embeddable":true,"href":"https:\/\/www.casillerodeldiablo.com\/pt\/wp-json\/wp\/v2\/comments?post=1825"}],"version-history":[{"count":6,"href":"https:\/\/www.casillerodeldiablo.com\/pt\/wp-json\/wp\/v2\/pages\/1825\/revisions"}],"predecessor-version":[{"id":1831,"href":"https:\/\/www.casillerodeldiablo.com\/pt\/wp-json\/wp\/v2\/pages\/1825\/revisions\/1831"}],"wp:attachment":[{"href":"https:\/\/www.casillerodeldiablo.com\/pt\/wp-json\/wp\/v2\/media?parent=1825"}],"curies":[{"name":"wp","href":"https:\/\/api.w.org\/{rel}","templated":true}]}}