{"id":17,"date":"2020-07-07T16:54:38","date_gmt":"2020-07-07T20:54:38","guid":{"rendered":"https:\/\/www.casillerodeldiablo.com\/?page_id=17"},"modified":"2021-01-12T15:51:56","modified_gmt":"2021-01-12T18:51:56","slug":"red-blend","status":"publish","type":"page","link":"https:\/\/www.casillerodeldiablo.com\/pt\/the-wines\/red-blend\/","title":{"rendered":"Red blend"},"content":{"rendered":"Este vinho foi criado para quem tem esp\u00edrito rebelde, para quem quer o imposs\u00edvel e se inspira a experimentar coisas novas.\r\n \r\nSeu esp\u00edrito se mistura com o melhor desta vida, pois quem \u00e9 rebelde hoje ser\u00e1 lenda amanh\u00e3.","protected":false},"excerpt":{"rendered":"Este vinho foi criado para quem tem esp\u00edrito rebelde, para quem quer o imposs\u00edvel e se inspira a experimentar coisas novas. Seu esp\u00edrito se mistura com o melhor desta vida, pois quem \u00e9 rebelde hoje ser\u00e1 lenda amanh\u00e3.","protected":false},"author":6,"featured_media":1917,"parent":13,"menu_order":1,"comment_status":"closed","ping_status":"closed","template":"","meta":{"_acf_changed":false,"footnotes":""},"class_list":["post-17","page","type-page","status-publish","has-post-thumbnail","hentry"],"acf":[],"_links":{"self":[{"href":"https:\/\/www.casillerodeldiablo.com\/pt\/wp-json\/wp\/v2\/pages\/17","targetHints":{"allow":["GET"]}}],"collection":[{"href":"https:\/\/www.casillerodeldiablo.com\/pt\/wp-json\/wp\/v2\/pages"}],"about":[{"href":"https:\/\/www.casillerodeldiablo.com\/pt\/wp-json\/wp\/v2\/types\/page"}],"author":[{"embeddable":true,"href":"https:\/\/www.casillerodeldiablo.com\/pt\/wp-json\/wp\/v2\/users\/6"}],"replies":[{"embeddable":true,"href":"https:\/\/www.casillerodeldiablo.com\/pt\/wp-json\/wp\/v2\/comments?post=17"}],"version-history":[{"count":15,"href":"https:\/\/www.casillerodeldiablo.com\/pt\/wp-json\/wp\/v2\/pages\/17\/revisions"}],"predecessor-version":[{"id":1998,"href":"https:\/\/www.casillerodeldiablo.com\/pt\/wp-json\/wp\/v2\/pages\/17\/revisions\/1998"}],"up":[{"embeddable":true,"href":"https:\/\/www.casillerodeldiablo.com\/pt\/wp-json\/wp\/v2\/pages\/13"}],"wp:featuredmedia":[{"embeddable":true,"href":"https:\/\/www.casillerodeldiablo.com\/pt\/wp-json\/wp\/v2\/media\/1917"}],"wp:attachment":[{"href":"https:\/\/www.casillerodeldiablo.com\/pt\/wp-json\/wp\/v2\/media?parent=17"}],"curies":[{"name":"wp","href":"https:\/\/api.w.org\/{rel}","templated":true}]}}