{"id":15,"date":"2020-07-07T16:54:12","date_gmt":"2020-07-07T20:54:12","guid":{"rendered":"https:\/\/www.casillerodeldiablo.com\/?page_id=15"},"modified":"2021-01-12T15:50:13","modified_gmt":"2021-01-12T18:50:13","slug":"reserva","status":"publish","type":"page","link":"https:\/\/www.casillerodeldiablo.com\/pt\/the-wines\/reserva\/","title":{"rendered":"Reserva"},"content":{"rendered":"Nossa cole\u00e7\u00e3o cl\u00e1ssica de vinhos premium \u00e9 composta por mais de 10 variedades, elaboradas com uvas selecionadas dos principais vales vitivin\u00edcolas do Chile. Cada cria\u00e7\u00e3o expressa a ess\u00eancia e a tipicidade de sua linhagem, em uma mistura cuidadosamente elaborada de aromas, sabores e estilo.","protected":false},"excerpt":{"rendered":"Nossa cole\u00e7\u00e3o cl\u00e1ssica de vinhos premium \u00e9 composta por mais de 10 variedades, elaboradas com uvas selecionadas dos principais vales vitivin\u00edcolas do Chile. Cada cria\u00e7\u00e3o expressa a ess\u00eancia e a tipicidade de sua linhagem, em uma mistura cuidadosamente elaborada de aromas, sabores e estilo.","protected":false},"author":6,"featured_media":1921,"parent":13,"menu_order":0,"comment_status":"closed","ping_status":"closed","template":"page-reserva.php","meta":{"_acf_changed":false,"footnotes":""},"class_list":["post-15","page","type-page","status-publish","has-post-thumbnail","hentry"],"acf":[],"_links":{"self":[{"href":"https:\/\/www.casillerodeldiablo.com\/pt\/wp-json\/wp\/v2\/pages\/15","targetHints":{"allow":["GET"]}}],"collection":[{"href":"https:\/\/www.casillerodeldiablo.com\/pt\/wp-json\/wp\/v2\/pages"}],"about":[{"href":"https:\/\/www.casillerodeldiablo.com\/pt\/wp-json\/wp\/v2\/types\/page"}],"author":[{"embeddable":true,"href":"https:\/\/www.casillerodeldiablo.com\/pt\/wp-json\/wp\/v2\/users\/6"}],"replies":[{"embeddable":true,"href":"https:\/\/www.casillerodeldiablo.com\/pt\/wp-json\/wp\/v2\/comments?post=15"}],"version-history":[{"count":23,"href":"https:\/\/www.casillerodeldiablo.com\/pt\/wp-json\/wp\/v2\/pages\/15\/revisions"}],"predecessor-version":[{"id":1997,"href":"https:\/\/www.casillerodeldiablo.com\/pt\/wp-json\/wp\/v2\/pages\/15\/revisions\/1997"}],"up":[{"embeddable":true,"href":"https:\/\/www.casillerodeldiablo.com\/pt\/wp-json\/wp\/v2\/pages\/13"}],"wp:featuredmedia":[{"embeddable":true,"href":"https:\/\/www.casillerodeldiablo.com\/pt\/wp-json\/wp\/v2\/media\/1921"}],"wp:attachment":[{"href":"https:\/\/www.casillerodeldiablo.com\/pt\/wp-json\/wp\/v2\/media?parent=15"}],"curies":[{"name":"wp","href":"https:\/\/api.w.org\/{rel}","templated":true}]}}