{"id":3,"date":"2020-06-11T17:47:19","date_gmt":"2020-06-11T17:47:19","guid":{"rendered":"https:\/\/www.casillerodeldiablo.com\/?page_id=3"},"modified":"2020-08-03T01:29:20","modified_gmt":"2020-08-03T05:29:20","slug":"privacy-policy","status":"publish","type":"page","link":"https:\/\/www.casillerodeldiablo.com\/es\/privacy-policy\/","title":{"rendered":"Privacy Policy"},"content":{"rendered":"<h3>Introducci\u00f3n<\/h3>\r\n            <p>\u00a1Gracias por ser parte de nuestra comunidad!<\/p>\r\n\r\n        <p>En Casillero del Diablo estamos comprometidos a respetar y proteger los derechos de privacidad e informaci\u00f3n personal, tanto de los visitantes de nuestro sitio web como de todos los usuarios que participan en nuestras redes sociales y\/o reciben informaciones y promociones v\u00eda e-mail.<\/p>\r\n\r\n<p>Las siguientes condiciones tienen por objetivo informar sobre c\u00f3mo recopilamos, usamos y almacenamos los datos de nuestros usuarios y, adem\u00e1s, sobre c\u00f3mo \u00e9stos pueden solicitar eliminar su informaci\u00f3n. <\/p>\r\n\r\n<p>Las presentes condiciones son aplicables a las visitas a nuestro sitio web, marcas asociadas, aplicaciones m\u00f3viles, a la suscripci\u00f3n de listas de e-mails, participaciones en concursos, tanto en el sitio como en redes sociales, en donde se notifique el uso de esta Pol\u00edtica de Privacidad y Uso de Datos.  <\/p>\r\n\r\n<p>A contar de mayo de 2018, Casillero del Diablo se adhiri\u00f3 los principios del Reglamento General de Protecci\u00f3n de Datos de la Uni\u00f3n Europea, que entrega derechos a las personas sobre sus datos personales. <\/p>\r\n\r\n\r\n            <h3>\u00bfC\u00f3mo recopilamos los datos?<\/h3>\r\n\r\n<p>Compilamos los datos personales a trav\u00e9s de formularios, en que las personas los registran voluntariamente y aceptan los t\u00e9rminos y condiciones asociados a ese requerimiento de informaci\u00f3n, consintiendo las Condiciones de Privacidad y Uso de Datos, completados en: <\/p>\r\n<ul class=\"privacy\">\r\n    <li>Visitas a la Vi\u00f1a Concha y Toro.<\/li>\r\n    <li>Participaci\u00f3n de concursos a trav\u00e9s del sitio web, Facebook, Twitter o Instagram. <\/li>\r\n    <li>Actualizaci\u00f3n de datos a trav\u00e9s de campa\u00f1as orientadas con ese fin, difundidas a trav\u00e9s de medios de comunicaci\u00f3n masiva u online. <\/li>\r\n    <li>Otros mecanismos de recolecci\u00f3n de datos de los productos de la empresa Concha y Toro que est\u00e9n adheridos a estas regulaciones.<\/li>\r\n            <\/ul>\r\n\r\n\r\n            <h3>\u00bfQu\u00e9 datos recopilamos?<\/h3>\r\n\r\n<p>Los datos registrados son los que los usuarios entregan voluntariamente a trav\u00e9s de un formulario, ya sea en nuestro sitio web o en nuestras redes sociales, entre los que se encuentran:<\/p>\r\n<ul class=\"privacy\">\r\n    <li>Nombre (nombre de pila y apellido)<\/li>\r\n    <li>Fecha de nacimiento <\/li>\r\n    <li>Edad<\/li>\r\n    <li>Correo electr\u00f3nico<\/li>\r\n    <li>Pa\u00eds de residencia <\/li>\r\n    <li>C\u00f3digo postal <\/li>\r\n    <li>G\u00e9nero<\/li>\r\n            <\/ul>\r\n\r\n<p>Adem\u00e1s, se podr\u00eda incluir alg\u00fan otro dato que identifique alguna preferencia sobre nuestros productos o datos espec\u00edficos y atingentes a la mec\u00e1nica de concurso o actividad por la cual el dato es solicitado. <\/p>\r\n\r\n<p>En nuestro sitio web recolectamos datos a trav\u00e9s de Cookies, en los que se guarda informaci\u00f3n sobre la edad y las preferencias generales de los usuarios, pero no asociados a datos personales. <\/p>\r\n\r\n            <h4>\u00bfPara qu\u00e9 usamos los datos personales?<\/h4>\r\n\r\n<p>En Casillero del Diablo estamos comprometidos a ofrecer la mejor experiencia con nuestros vinos. Es por esto que usamos los datos proporcionados para entregar un contenido acorde a sus preferencias, e incluso personalizado, en base a los datos que el usuario entrega. <\/p>\r\n\r\n<p>Los datos de contacto se utilizan para hacerle llegar informaci\u00f3n relevante, promociones y concursos exclusivos que tienen por objetivo la fidelizaci\u00f3n y proporcionarle una mejor experiencia de consumo, previa aceptaci\u00f3n de los t\u00e9rminos y condiciones asociados al registro de esos datos y de la presente Pol\u00edtica de Privacidad y Uso de Datos. <\/p>\r\n\r\n<p>Todas las comunicaciones de Casillero del Diablo est\u00e1n orientadas a personas mayores de 18 a\u00f1os o con la edad permitida para beber alcohol de su pa\u00eds de residencia. <\/p>\r\n\r\n            <h3>\u00bfC\u00f3mo almacenamos los datos de nuestros usuarios?<\/h3>\r\n\r\n<p>La base de datos en donde se almacena la informaci\u00f3n de nuestros usuarios se mantiene guardada en servidores ubicados en Santiago de Chile, bajo estrictas medidas de seguridad para evitar un mal uso, interferencia, p\u00e9rdida o un acceso no autorizado. <\/p>\r\n\r\n<p>Casillero del Diablo no compartir\u00e1 ni vender\u00e1 los datos almacenados con terceros pero s\u00ed utilizar\u00e1 esa informaci\u00f3n para env\u00edos sobre sus marcas asociadas, siempre relacionadas con el producto. <\/p>\r\n\r\n            <h3>\u00bfC\u00f3mo solicito la eliminaci\u00f3n de mis datos?<\/h3>\r\n\r\n<p>Solo mantenemos los datos personales de los usuarios que voluntariamente aceptaron enviar su informaci\u00f3n de acuerdo a los t\u00e9rminos y condiciones aplicados a ese formulario y a la presente Pol\u00edtica de Privacidad y Uso de Datos. <\/p>\r\n\r\n<p>Si un usuario cambia de opini\u00f3n y desea eliminar su informaci\u00f3n de la base de datos, debe enviar un correo a remover@casillerodeldiablo.com y comunicar su decisi\u00f3n, el cual deber\u00e1 ser confirmado en un plazo no mayor a las 48 horas.<\/p> \r\n\r\n<p>Adem\u00e1s, en cada informaci\u00f3n v\u00eda e-mail estar\u00e1 disponible el link DESUSCRIBIR, en que autom\u00e1ticamente el usuario podr\u00e1 evitar que le lleguen nuevas comunicaciones sobre la marca. <\/p>\r\n\r\n\r\n            <h3>Cambios a la Pol\u00edtica de Privacidad <\/h3>\r\n\r\n<p>Es probable que la presente pol\u00edtica sufra modificaciones, sin embargo, cuando sean cambios importantes \u00e9stos ser\u00e1n notificados a todos nuestros usuarios v\u00eda correo electr\u00f3nico.<\/p> \r\n\r\n            <h3>Consultas<\/h3>\r\n\r\n<p>En caso de consultas sobre nuestra pol\u00edtica agradecemos ponerse en contacto con nosotros a trav\u00e9s del formulario ubicado en: http:\/\/www.casillerodeldiablo.com\/contacto<\/p>\r\n\r\n<p>\u00a1Gracias por tu confianza y ser parte de la Leyenda!<\/p>","protected":false},"excerpt":{"rendered":"Introducci\u00f3n \u00a1Gracias por ser parte de nuestra comunidad! En Casillero del Diablo estamos comprometidos a respetar y proteger los derechos de privacidad e informaci\u00f3n personal, tanto de los visitantes de nuestro sitio web como de todos los usuarios que participan en nuestras redes sociales y\/o reciben informaciones y promociones v\u00eda e-mail. Las siguientes condiciones tienen [&hellip;]","protected":false},"author":6,"featured_media":0,"parent":0,"menu_order":0,"comment_status":"closed","ping_status":"open","template":"","meta":{"_acf_changed":false,"footnotes":""},"class_list":["post-3","page","type-page","status-publish","hentry"],"acf":[],"_links":{"self":[{"href":"https:\/\/www.casillerodeldiablo.com\/es\/wp-json\/wp\/v2\/pages\/3","targetHints":{"allow":["GET"]}}],"collection":[{"href":"https:\/\/www.casillerodeldiablo.com\/es\/wp-json\/wp\/v2\/pages"}],"about":[{"href":"https:\/\/www.casillerodeldiablo.com\/es\/wp-json\/wp\/v2\/types\/page"}],"author":[{"embeddable":true,"href":"https:\/\/www.casillerodeldiablo.com\/es\/wp-json\/wp\/v2\/users\/6"}],"replies":[{"embeddable":true,"href":"https:\/\/www.casillerodeldiablo.com\/es\/wp-json\/wp\/v2\/comments?post=3"}],"version-history":[{"count":3,"href":"https:\/\/www.casillerodeldiablo.com\/es\/wp-json\/wp\/v2\/pages\/3\/revisions"}],"predecessor-version":[{"id":792,"href":"https:\/\/www.casillerodeldiablo.com\/es\/wp-json\/wp\/v2\/pages\/3\/revisions\/792"}],"wp:attachment":[{"href":"https:\/\/www.casillerodeldiablo.com\/es\/wp-json\/wp\/v2\/media?parent=3"}],"curies":[{"name":"wp","href":"https:\/\/api.w.org\/{rel}","templated":true}]}}