{"id":2684,"date":"2023-12-21T12:20:31","date_gmt":"2023-12-21T15:20:31","guid":{"rendered":"https:\/\/www.casillerodeldiablo.com\/?page_id=2684"},"modified":"2023-12-21T12:20:31","modified_gmt":"2023-12-21T15:20:31","slug":"bienvenido-2024","status":"publish","type":"page","link":"https:\/\/www.casillerodeldiablo.com\/es\/bienvenido-2024\/","title":{"rendered":"T\u00e9rminos y Condiciones CONCURSO BIENVENIDO 2024 &#8211; Casillero del Diablo (INSTAGRAM &#8211; Chile)"},"content":{"rendered":"<b>PRIMERO \/ Antecedentes Generales<\/b>\r\n\r\n<span style=\"font-weight: 400;\">Casillero del Diablo realizar\u00e1 un concurso desde el JUEVES 21 DE DICIEMBRE DE 2023 AL VIERNES 5 DE ENERO DE 2024 en su cuenta oficial de Instagram <\/span><a href=\"https:\/\/www.instagram.com\/casillero_diablo\/\"><span style=\"font-weight: 400;\">https:\/\/www.instagram.com\/casillero_diablo\/<\/span><\/a><span style=\"font-weight: 400;\">.\u00a0<\/span>\r\n\r\n&nbsp;\r\n\r\n<span style=\"font-weight: 400;\">Concha y Toro S.A., a trav\u00e9s de su marca Casillero del Diablo son los organizadores y facilitadores de esta promoci\u00f3n y sus premios (como se detallar\u00e1 a continuaci\u00f3n). Estos t\u00e9rminos y condiciones son entre Concha y Toro S.A. y los participantes en esta promoci\u00f3n.<\/span>\r\n\r\n&nbsp;\r\n\r\n<b>SEGUNDO \/ Requisitos para participar<\/b>\r\n\r\n<span style=\"font-weight: 400;\">Podr\u00e1n participar en el sorteo todas las personas naturales, mayores de edad en Chile, residentes en Chile continental, que sigan las instrucciones detalladas en la publicaci\u00f3n del concurso.<\/span>\r\n\r\n&nbsp;\r\n\r\n<b>TERCERO\/ Mec\u00e1nica y requerimientos<\/b>\r\n\r\n<span style=\"font-weight: 400;\">Para participar los usuarios deben seguir a Casillero del Diablo en su cuenta oficial de Instagram <\/span><a href=\"https:\/\/www.instagram.com\/casillero_diablo\/\"><span style=\"font-weight: 400;\">https:\/\/www.instagram.com\/casillero_diablo<\/span><\/a><span style=\"font-weight: 400;\">, comentar en el post correspondiente al concurso etiquetando a dos amigos.<\/span>\r\n\r\n&nbsp;\r\n\r\n<b>CUARTO \/ Aceptaci\u00f3n de T\u00e9rminos y Condiciones, publicaci\u00f3n y manejo de datos<\/b>\r\n\r\n<span style=\"font-weight: 400;\">Estas bases legales se entender\u00e1n \u00edntegra y totalmente conocidas y aceptadas por todas las personas que sean parte de este concurso, careciendo del derecho a deducir reclamo o acci\u00f3n de cualquier naturaleza en contra de Casillero del Diablo y\/o Vi\u00f1a Concha y Toro S.A.<\/span>\r\n\r\n&nbsp;\r\n\r\n<span style=\"font-weight: 400;\">Asimismo, al participar del presente concurso, el usuario da su consentimiento a los organizadores para que los datos registrados en el sitio sean almacenados y tratados, con el fin de sortear al ganador y despu\u00e9s comunicarse con \u00e9l.<\/span>\r\n\r\n&nbsp;\r\n\r\n<span style=\"font-weight: 400;\">El uso de los datos enviados, adem\u00e1s est\u00e1 sujeto a las Condiciones de Privacidad y Uso de Datos de Casillero del Diablo. En cualquier momento, los participantes pueden revocar su consentimiento y oponerse al tratamiento de sus datos, teniendo los derechos de acceso, eliminaci\u00f3n, modificaci\u00f3n o bloqueo de los mismos, de acuerdo a la Ley 19.628 sobre \u201cProtecci\u00f3n de Datos Personales\u201d, y el c\u00f3digo de conducta de la IAB Chile. No obstante, si usted ejerce cualquiera de estas acciones y decide oponerse al tratamiento de sus datos, queda inmediatamente excluido de participar del presente concurso. Para efectos del ejercicio de derechos, el participante podr\u00e1 ponerse en contacto al correo remover@casillerodeldiablo.com y comunicar su decisi\u00f3n de revocar su participaci\u00f3n.<\/span>\r\n\r\n&nbsp;\r\n\r\n<b>QUINTO \/ Restricciones y Exclusiones<\/b>\r\n\r\n<span style=\"font-weight: 400;\">No podr\u00e1n participar en este concurso aquellas personas que sean empleados de Vi\u00f1a Concha y Toro S.A. ni sus empresas relacionadas ni sus familiares directos, y tampoco personal que trabaje en la agencia a cargo de la administraci\u00f3n de las redes sociales de la marca. Esta prohibici\u00f3n tambi\u00e9n aplica a los trabajadores de otras empresas que en forma directa o indirecta participen en la organizaci\u00f3n, puesta en marcha y\/o en eventos de esta Promoci\u00f3n. Esta prohibici\u00f3n se hace extensiva a los c\u00f3nyuges y parientes hasta el segundo grado inclusive.<\/span>\r\n\r\n&nbsp;\r\n\r\n<b>SEXTO \/ Determinaci\u00f3n de los Ganadores<\/b>\r\n\r\n<span style=\"font-weight: 400;\">Se sortear\u00e1 a cinco (5) ganadores o ganadoras de un Kit de Devil\u2019s Brut cada uno. Cada Kit incluir\u00e1 tres (3) espumantes Devil\u2019s Brut.\u00a0<\/span>\r\n\r\n&nbsp;\r\n\r\n<span style=\"font-weight: 400;\">El proceso de determinaci\u00f3n del ganador o ganadora consiste en un sorteo aleatorio (v\u00eda <\/span><a href=\"https:\/\/app-sorteos.com\/es\"><span style=\"font-weight: 400;\">https:\/\/app-sorteos.com\/es<\/span><\/a><span style=\"font-weight: 400;\">) en las dependencias de la agencia realizadora del concurso, el que se llevar\u00e1 a cabo el d\u00eda LUNES 8 DE ENERO DE 2024 entre todos los participantes quienes hayan cumplido con el punto SEGUNDO y TERCERO.<\/span>\r\n\r\n&nbsp;\r\n\r\n<span style=\"font-weight: 400;\">Los nombres de los ganadores o ganadoras se dar\u00e1n a conocer el d\u00eda LUNES 8 DE ENERO DE 2024 respondiendo a su comentario participante en el post del concurso\u00a0 y en la secci\u00f3n \u201cGanadores\u201d del link in bio de la marca: <\/span><a href=\"https:\/\/lnk.bio\/casillerodeldiablo\/about\"><span style=\"font-weight: 400;\">https:\/\/lnk.bio\/casillerodeldiablo\/about<\/span><\/a><span style=\"font-weight: 400;\">.\u00a0<\/span>\r\n\r\n&nbsp;\r\n\r\n<b>S\u00c9PTIMO \/ Premio<\/b>\r\n\r\n<span style=\"font-weight: 400;\">Se sortear\u00e1 a CINCO (5) ganadores o ganadoras de un (1) KIT Devil\u2019s Brut cada uno. Cada Gift Pack incluir\u00e1 TRES (3) espumantes Devil\u2019s Brut.\u00a0<\/span>\r\n\r\n&nbsp;\r\n\r\n<b>OCTAVO \/ Condiciones para hacer efectivo el premio<\/b>\r\n\r\n<span style=\"font-weight: 400;\">Despu\u00e9s de haber informado al ganador o ganadora del concurso, Casillero del Diablo, a trav\u00e9s de los organizadores, se comunicar\u00e1 con \u00e9l o ella por medio de mensaje privado en Instagram para gestionar los detalles de su premio. El ganador o ganadora tendr\u00e1 un periodo de 3 d\u00edas h\u00e1biles para responder a Casillero del Diablo a trav\u00e9s de este canal. De lo contrario, perder\u00e1 el premio.\u00a0<\/span>\r\n\r\n<span style=\"font-weight: 400;\">Los organizadores no dar\u00e1n premios a terceros. Los premios no son canjeables por dinero en efectivo o de cualquier otra especie.<\/span>\r\n\r\n<span style=\"font-weight: 400;\">Ser\u00e1 necesario que el ganador o ganadora al momento de la entrega del premio, presente su documentaci\u00f3n acreditando su identidad.\u00a0<\/span>\r\n\r\n&nbsp;\r\n\r\n<b>NOVENO\/ Responsabilidades<\/b>\r\n\r\n<span style=\"font-weight: 400;\">Todo participante de la promoci\u00f3n faculta expresamente a Casillero del Diablo y los organizadores para permitir tomar fotograf\u00edas y\/o para utilizar su nombre e imagen en publicaciones sobre el concurso, que se compartir\u00e1n en Instagram y\/o Facebook.<\/span>\r\n\r\n&nbsp;\r\n\r\n<span style=\"font-weight: 400;\">Todo impuesto que deba tributarse o que fuese a crearse, en relaci\u00f3n con el\u00a0 premio y cualquier otro gasto adicional en que deba incurrir el Potencial Ganador en relaci\u00f3n con el Premio o para hacer uso de \u00e9l.<\/span>\r\n\r\n&nbsp;\r\n\r\n<b>D\u00c9CIMO\/ Disposiciones Generales<\/b>\r\n\r\n<span style=\"font-weight: 400;\">Casillero del Diablo se reserva el derecho de modificar total o parcialmente los presentes T\u00e9rminos y Condiciones, antes o durante cualquier etapa del concurso, o finalizar anticipadamente la vigencia del mismo, informando al efecto las causas de tal decisi\u00f3n a sus seguidores a trav\u00e9s de su fan page.<\/span>\r\n\r\n&nbsp;\r\n\r\n<span style=\"font-weight: 400;\">Casillero del Diablo se reserva el derecho de publicar y difundir por los medios de comunicaci\u00f3n o redes sociales que estime convenientes, el nombre y\/o las im\u00e1genes del ganador del premio de este concurso. Para estos efectos, podr\u00e1 nombrar, individualizar, fotografiar y\/o filmar a los ganadores, sin que por ello deba efectuarse pago alguno, en dinero o en especies.<\/span>\r\n\r\n&nbsp;\r\n\r\n<span style=\"font-weight: 400;\">Asimismo, Casillero del Diablo y\/o quien act\u00fae en su nombre se reserva el derecho de descalificar e iniciar las acciones legales que procedan en contra de cualquier participante o persona que resulte responsable, en caso de detectar irregularidades durante o despu\u00e9s de la realizaci\u00f3n del presente concurso, tales como falsificaci\u00f3n de datos, suplantaci\u00f3n de personas, adulteraci\u00f3n de informaci\u00f3n, simulaci\u00f3n, etc. Facebook e Instagram, no patrocinan, avalan ni administran de modo alguno esta promoci\u00f3n, ni est\u00e1n asociados a ella.<\/span>\r\n\r\n&nbsp;\r\n\r\n<span style=\"font-weight: 400;\">Los organizadores no ser\u00e1n responsables de los da\u00f1os y perjuicios que pudieran sufrir los Potenciales Ganadores, en sus personas o bienes, con motivo a su participaci\u00f3n en la Promoci\u00f3n o con la utilizaci\u00f3n de los Premios.<\/span>\r\n\r\n&nbsp;\r\n\r\n<b>D\u00c9CIMO PRIMERO\/ Legislaci\u00f3n y Jurisdicci\u00f3n Aplicable<\/b>\r\n\r\n&nbsp;\r\n\r\n<span style=\"font-weight: 400;\">La campa\u00f1a promocional se regir\u00e1 por las leyes de la Rep\u00fablica de Chile. En caso de controversia originada por la presente promoci\u00f3n, esto se regir\u00e1 por la jurisdicci\u00f3n de los tribunales comerciales de la ciudad de Santiago.<\/span>\r\n\r\n&nbsp;\r\n\r\n<span style=\"font-weight: 400;\">Para todos los efectos legales se fija domicilio de los organizadores en la ciudad de Santiago.<\/span>\r\n\r\n&nbsp;\r\n\r\n<span style=\"font-weight: 400;\">Santiago de Chile, mi\u00e9rcoles 20 de diciembre de 2023.<\/span>","protected":false},"excerpt":{"rendered":"PRIMERO \/ Antecedentes Generales Casillero del Diablo realizar\u00e1 un concurso desde el JUEVES 21 DE DICIEMBRE DE 2023 AL VIERNES 5 DE ENERO DE 2024 en su cuenta oficial de Instagram https:\/\/www.instagram.com\/casillero_diablo\/.\u00a0 &nbsp; Concha y Toro S.A., a trav\u00e9s de su marca Casillero del Diablo son los organizadores y facilitadores de esta promoci\u00f3n y sus [&hellip;]","protected":false},"author":6,"featured_media":0,"parent":0,"menu_order":0,"comment_status":"closed","ping_status":"closed","template":"page-terms.php","meta":{"_acf_changed":false,"footnotes":""},"class_list":["post-2684","page","type-page","status-publish","hentry"],"acf":[],"_links":{"self":[{"href":"https:\/\/www.casillerodeldiablo.com\/es\/wp-json\/wp\/v2\/pages\/2684","targetHints":{"allow":["GET"]}}],"collection":[{"href":"https:\/\/www.casillerodeldiablo.com\/es\/wp-json\/wp\/v2\/pages"}],"about":[{"href":"https:\/\/www.casillerodeldiablo.com\/es\/wp-json\/wp\/v2\/types\/page"}],"author":[{"embeddable":true,"href":"https:\/\/www.casillerodeldiablo.com\/es\/wp-json\/wp\/v2\/users\/6"}],"replies":[{"embeddable":true,"href":"https:\/\/www.casillerodeldiablo.com\/es\/wp-json\/wp\/v2\/comments?post=2684"}],"version-history":[{"count":1,"href":"https:\/\/www.casillerodeldiablo.com\/es\/wp-json\/wp\/v2\/pages\/2684\/revisions"}],"predecessor-version":[{"id":2685,"href":"https:\/\/www.casillerodeldiablo.com\/es\/wp-json\/wp\/v2\/pages\/2684\/revisions\/2685"}],"wp:attachment":[{"href":"https:\/\/www.casillerodeldiablo.com\/es\/wp-json\/wp\/v2\/media?parent=2684"}],"curies":[{"name":"wp","href":"https:\/\/api.w.org\/{rel}","templated":true}]}}