{"id":2314,"date":"2022-06-08T23:13:13","date_gmt":"2022-06-09T02:13:13","guid":{"rendered":"https:\/\/www.casillerodeldiablo.com\/?page_id=2314"},"modified":"2022-06-08T23:13:13","modified_gmt":"2022-06-09T02:13:13","slug":"terminos-y-condiciones-dia-del-padre-2022-casillero-del-diablo","status":"publish","type":"page","link":"https:\/\/www.casillerodeldiablo.com\/es\/terminos-y-condiciones-dia-del-padre-2022-casillero-del-diablo\/","title":{"rendered":"T\u00e9rminos y Condiciones D\u00cdA DEL PADRE (2022) &#8211; Casillero del Diablo"},"content":{"rendered":"<b>PRIMERO \/ Antecedentes Generales<\/b>\r\n\r\n<span style=\"font-weight: 400;\">Casillero del Diablo realizar\u00e1 un concurso desde el JUEVES 9 DE JUNIO AL MARTES 14 DE JUNIO DE 2022 en su Instagram oficial.<\/span>\r\n\r\n&nbsp;\r\n\r\n<span style=\"font-weight: 400;\">Concha y Toro S.A., a trav\u00e9s de su marca Casillero del Diablo (en adelante \u201cel organizador\u201d) son los organizadores y facilitadores de esta promoci\u00f3n y sus premios (como se detallar\u00e1 a continuaci\u00f3n). Estos t\u00e9rminos y condiciones son entre Concha y Toro S.A. y los participantes en esta promoci\u00f3n.<\/span>\r\n\r\n&nbsp;\r\n\r\n<b>SEGUNDO \/ Requisitos para participar<\/b>\r\n\r\n<span style=\"font-weight: 400;\">Podr\u00e1n participar en el sorteo todas las personas naturales, mayores de edad en su pa\u00eds de residencia, que sigan las instrucciones detalladas en la publicaci\u00f3n del concurso en Instagram. No podr\u00e1n participar personas residentes en Brasil o Argentina.<\/span>\r\n\r\n&nbsp;\r\n\r\n<b>TERCERO\/ Mec\u00e1nica y requerimientos<\/b>\r\n\r\n<span style=\"font-weight: 400;\">Para participar los usuarios deben <\/span><b>seguir a Casillero del Diablo<\/b><span style=\"font-weight: 400;\"> en su cuenta oficial de Instagram y <\/span><b>comentar<\/b><span style=\"font-weight: 400;\"> en el post correspondiente al concurso <\/span><b>contando sobre un Momento Legendario que hayan vivido con su pap\u00e1<\/b><span style=\"font-weight: 400;\">.<\/span>\r\n\r\n&nbsp;\r\n\r\n<b>CUARTO \/ Aceptaci\u00f3n de T\u00e9rminos y Condiciones, publicaci\u00f3n y manejo de datos<\/b>\r\n\r\n<span style=\"font-weight: 400;\">Estas bases legales se entender\u00e1n \u00edntegra y totalmente conocidas y aceptadas por todas las personas que sean parte de este concurso, careciendo del derecho a deducir reclamo o acci\u00f3n de cualquier naturaleza en contra de Casillero del Diablo, Vi\u00f1a Concha y Toro S.A.\u00a0<\/span>\r\n\r\n&nbsp;\r\n\r\n<span style=\"font-weight: 400;\">Asimismo, al participar del presente concurso, el usuario da su consentimiento a los organizadores para que los datos registrados en el sitio sean almacenados y tratados, con el fin de sortear al ganador y despu\u00e9s comunicarse con \u00e9l.<\/span>\r\n\r\n&nbsp;\r\n\r\n<span style=\"font-weight: 400;\">El uso de los datos enviados, adem\u00e1s est\u00e1 sujeto a las Condiciones de Privacidad y Uso de Datos de Casillero del Diablo. En cualquier momento, los participantes pueden revocar su consentimiento y oponerse al tratamiento de sus datos, teniendo los derechos de acceso, eliminaci\u00f3n, modificaci\u00f3n o bloqueo de los mismos, de acuerdo a la Ley 19.628 sobre \u201cProtecci\u00f3n de Datos Personales\u201d, y el c\u00f3digo de conducta de la IAB Chile. No obstante, si usted ejerce cualquiera de estas acciones y decide oponerse al tratamiento de sus datos, queda inmediatamente excluido de participar del presente concurso. Para efectos del ejercicio de derechos, el participante podr\u00e1 ponerse en contacto al correo remover@casillerodeldiablo.com y comunicar su decisi\u00f3n de revocar su participaci\u00f3n.<\/span>\r\n\r\n&nbsp;\r\n\r\n<b>QUINTO \/ Restricciones y Exclusiones<\/b>\r\n\r\n<span style=\"font-weight: 400;\">No podr\u00e1n participar en este concurso aquellas personas que sean empleados de Vi\u00f1a Concha y Toro S.A. ni sus empresas relacionadas ni sus familiares directos, y tampoco personal que trabaje en la agencia a cargo de la administraci\u00f3n de las redes sociales de la marca. Esta prohibici\u00f3n tambi\u00e9n aplica a los trabajadores de otras empresas que en forma directa o indirecta participen en la organizaci\u00f3n, puesta en marcha y\/o en eventos de esta Promoci\u00f3n. Esta prohibici\u00f3n se hace extensiva a los c\u00f3nyuges y parientes hasta el segundo grado inclusive.<\/span>\r\n\r\n&nbsp;\r\n\r\n<b>SEXTO \/ Determinaci\u00f3n de los Ganadores<\/b>\r\n\r\n<span style=\"font-weight: 400;\">Se sortear\u00e1 a tres (3) ganadores o ganadoras de una (1) caja de vinos Casillero del Diablo Reserva Especial con 3 vinos cada una.<\/span>\r\n\r\n&nbsp;\r\n\r\n<span style=\"font-weight: 400;\">El proceso de determinaci\u00f3n del ganador o ganadora consiste en un sorteo aleatorio (v\u00eda <\/span><a href=\"https:\/\/app-sorteos.com\/es\"><span style=\"font-weight: 400;\">https:\/\/app-sorteos.com\/es<\/span><\/a><span style=\"font-weight: 400;\">) en las dependencias de la agencia realizadora del concurso, el que se llevar\u00e1 a cabo el d\u00eda MI\u00c9RCOLES 15 DE JUNIO DE 2022 entre todos los participantes quienes hayan cumplido con el punto SEGUNDO y TERCERO.<\/span>\r\n\r\n&nbsp;\r\n\r\n<span style=\"font-weight: 400;\">El nombre de los ganadores o ganadoras se dar\u00e1 a conocer el d\u00eda MI\u00c9RCOLES 15 DE JUNIO DE 2022 respondiendo a su comentario participante en el post del concurso\u00a0 y en la secci\u00f3n \u201cGanadores\u201d\u00a0 del link in bio de la marca: <\/span><a href=\"https:\/\/lnk.bio\/casillerodeldiablo\"><span style=\"font-weight: 400;\">https:\/\/lnk.bio\/casillerodeldiablo<\/span><\/a><span style=\"font-weight: 400;\">.\u00a0<\/span>\r\n\r\n&nbsp;\r\n\r\n<b>S\u00c9PTIMO \/ Premio<\/b>\r\n\r\n<span style=\"font-weight: 400;\">Se sortear\u00e1 a tres (3) ganadores o ganadoras de una (1) caja de vinos Casillero del Diablo Reserva Especial con 3 vinos cada una.<\/span>\r\n\r\n&nbsp;\r\n\r\n<span style=\"font-weight: 400;\">Cepas sujetas a disponibilidad de stock del distribuidor.\u00a0<\/span>\r\n\r\n&nbsp;\r\n\r\n<b>OCTAVO \/ Condiciones para hacer efectivo el premio<\/b>\r\n\r\n<span style=\"font-weight: 400;\">Despu\u00e9s de haber respondido a los comentarios de los ganadores y\/o ganadoras del concurso, Casillero del Diablo, a trav\u00e9s de los organizadores, se comunicar\u00e1n con \u00e9l o ella a trav\u00e9s de mensaje privado en Instagram, para gestionar el env\u00edo de su premio. Los organizadores no dar\u00e1n premios a terceros. Los premios no son canjeables por dinero en efectivo o de cualquier otra especie.<\/span>\r\n\r\n<span style=\"font-weight: 400;\">El ganador o ganadora tiene hasta 5 d\u00edas h\u00e1biles para responder de vuelta a Casillero del Diablo a trav\u00e9s de mensaje privado, aceptando el premio e informando los datos de contacto necesarios para su despacho.<\/span>\r\n\r\n<span style=\"font-weight: 400;\">Los tiempos de entrega de los premios pueden extenderse hasta 30 d\u00edas despu\u00e9s de que el ganador comparte sus datos de contacto para el env\u00edo.\u00a0<\/span>\r\n\r\n<span style=\"font-weight: 400;\">Ser\u00e1 necesario que el ganador o ganadora al momento de la entrega del premio, presente su documentaci\u00f3n acreditando su identidad. Adem\u00e1s, ser\u00e1 necesaria la firma de un documento \u201ccarta de acuerdo\u201d la cual indica y se\u00f1ala que el ganador acepta el premio bajo las indicaciones y descripciones se\u00f1aladas en dicho documento.<\/span>\r\n\r\n&nbsp;\r\n\r\n<b>NOVENO\/ Responsabilidades<\/b>\r\n\r\n<span style=\"font-weight: 400;\">Todo participante de la promoci\u00f3n faculta expresamente a Casillero del Diablo y los organizadores para permitir tomar fotograf\u00edas y\/o para utilizar su nombre e imagen en publicaciones sobre el concurso, que se compartir\u00e1n en Instagram y\/o Facebook.<\/span>\r\n\r\n&nbsp;\r\n\r\n<span style=\"font-weight: 400;\">Todo impuesto que deba tributarse o que fuese a crearse, en relaci\u00f3n con el\u00a0 premio y cualquier otro gasto adicional en que deba incurrir el Potencial Ganador en relaci\u00f3n con el Premio o para hacer uso de \u00e9l.<\/span>\r\n\r\n&nbsp;\r\n\r\n<b>D\u00c9CIMO\/ Disposiciones Generales<\/b>\r\n\r\n<span style=\"font-weight: 400;\">Casillero del Diablo se reserva el derecho de modificar total o parcialmente los presentes T\u00e9rminos y Condiciones, antes o durante cualquier etapa del concurso, o finalizar anticipadamente la vigencia del mismo, informando al efecto las causas de tal decisi\u00f3n a sus seguidores a trav\u00e9s de su fan page.<\/span>\r\n\r\n&nbsp;\r\n\r\n<span style=\"font-weight: 400;\">Casillero del Diablo se reserva el derecho de publicar y difundir por los medios de comunicaci\u00f3n o redes sociales que estime convenientes, el nombre y\/o las im\u00e1genes del ganador del premio de este concurso. Para estos efectos, podr\u00e1 nombrar, individualizar, fotografiar y\/o filmar a los ganadores, sin que por ello deba efectuarse pago alguno, en dinero o en especies.<\/span>\r\n\r\n&nbsp;\r\n\r\n<span style=\"font-weight: 400;\">Asimismo, Casillero del Diablo y\/o quien act\u00fae en su nombre se reserva el derecho de descalificar e iniciar las acciones legales que procedan en contra de cualquier participante o persona que resulte responsable, en caso de detectar irregularidades durante o despu\u00e9s de la realizaci\u00f3n del presente concurso, tales como falsificaci\u00f3n de datos, suplantaci\u00f3n de personas, adulteraci\u00f3n de informaci\u00f3n, simulaci\u00f3n, etc. Facebook e Instagram, no patrocinan, avalan ni administran de modo alguno esta promoci\u00f3n, ni est\u00e1n asociados a ella.<\/span>\r\n\r\n&nbsp;\r\n\r\n<span style=\"font-weight: 400;\">Los organizadores no ser\u00e1n responsables de los da\u00f1os y perjuicios que pudieran sufrir los Potenciales Ganadores, en sus personas o bienes, con motivo a su participaci\u00f3n en la Promoci\u00f3n o con la utilizaci\u00f3n de los Premios.<\/span>\r\n\r\n&nbsp;\r\n\r\n<b>D\u00c9CIMO PRIMERO\/ Legislaci\u00f3n y Jurisdicci\u00f3n Aplicable<\/b>\r\n\r\n&nbsp;\r\n\r\n<span style=\"font-weight: 400;\">La campa\u00f1a promocional se regir\u00e1 por las leyes de la Rep\u00fablica de Chile. En caso de controversia originada por la presente promoci\u00f3n, esto se regir\u00e1 por la jurisdicci\u00f3n de los tribunales comerciales de la ciudad de Santiago.<\/span>\r\n\r\n&nbsp;\r\n\r\n<span style=\"font-weight: 400;\">Para todos los efectos legales se fija domicilio de los organizadores en la ciudad de Santiago.<\/span>\r\n\r\n&nbsp;\r\n\r\n<span style=\"font-weight: 400;\">Santiago de Chile, lunes 6 de junio de 2022.<\/span>","protected":false},"excerpt":{"rendered":"PRIMERO \/ Antecedentes Generales Casillero del Diablo realizar\u00e1 un concurso desde el JUEVES 9 DE JUNIO AL MARTES 14 DE JUNIO DE 2022 en su Instagram oficial. &nbsp; Concha y Toro S.A., a trav\u00e9s de su marca Casillero del Diablo (en adelante \u201cel organizador\u201d) son los organizadores y facilitadores de esta promoci\u00f3n y sus premios [&hellip;]","protected":false},"author":4,"featured_media":0,"parent":0,"menu_order":0,"comment_status":"closed","ping_status":"closed","template":"page-terms.php","meta":{"_acf_changed":false,"footnotes":""},"class_list":["post-2314","page","type-page","status-publish","hentry"],"acf":[],"_links":{"self":[{"href":"https:\/\/www.casillerodeldiablo.com\/es\/wp-json\/wp\/v2\/pages\/2314","targetHints":{"allow":["GET"]}}],"collection":[{"href":"https:\/\/www.casillerodeldiablo.com\/es\/wp-json\/wp\/v2\/pages"}],"about":[{"href":"https:\/\/www.casillerodeldiablo.com\/es\/wp-json\/wp\/v2\/types\/page"}],"author":[{"embeddable":true,"href":"https:\/\/www.casillerodeldiablo.com\/es\/wp-json\/wp\/v2\/users\/4"}],"replies":[{"embeddable":true,"href":"https:\/\/www.casillerodeldiablo.com\/es\/wp-json\/wp\/v2\/comments?post=2314"}],"version-history":[{"count":2,"href":"https:\/\/www.casillerodeldiablo.com\/es\/wp-json\/wp\/v2\/pages\/2314\/revisions"}],"predecessor-version":[{"id":2316,"href":"https:\/\/www.casillerodeldiablo.com\/es\/wp-json\/wp\/v2\/pages\/2314\/revisions\/2316"}],"wp:attachment":[{"href":"https:\/\/www.casillerodeldiablo.com\/es\/wp-json\/wp\/v2\/media?parent=2314"}],"curies":[{"name":"wp","href":"https:\/\/api.w.org\/{rel}","templated":true}]}}