{"id":2029,"date":"2021-03-18T11:27:28","date_gmt":"2021-03-18T14:27:28","guid":{"rendered":"https:\/\/www.casillerodeldiablo.com\/?page_id=2029"},"modified":"2021-03-18T11:30:50","modified_gmt":"2021-03-18T14:30:50","slug":"terminos-y-condiciones-sorteo-semanal-de-4-camisetas-de-manchester-united","status":"publish","type":"page","link":"https:\/\/www.casillerodeldiablo.com\/es\/terminos-y-condiciones-sorteo-semanal-de-4-camisetas-de-manchester-united\/","title":{"rendered":"T\u00e9rminos y Condiciones Sorteo Semanal de 4 Camisetas de Manchester United"},"content":{"rendered":"T\u00e9rminos y Condiciones Sorteo Semanal de 4 Camisetas de Manchester United en Descorcha.com por compras de Casillero del Diablo\r\n\r\n&nbsp;\r\n\r\n<strong>PRIMERO \/ Antecedentes Generales<\/strong>\r\n\r\nCasillero del Diablo realizar\u00e1 un sorteo semanal de 4 camisetas de Manchester United Temporada 2019\/2020, desde el 15 de marzo al d\u00eda 4 de abril, entre todos quienes compren cajas de 6 o 12 vinos Casillero del Diablo en <a href=\"http:\/\/www.descorcha.com\">www.descorcha.com<\/a>\r\n\r\n&nbsp;\r\n\r\n<strong>SEGUNDO \/ Requisitos para participar<\/strong>\r\n\r\nPodr\u00e1n participar en el sorteo todas las personas naturales, mayores de edad, residentes en Chile continental.\r\n\r\n&nbsp;\r\n\r\n<strong>TERCERO\/ Mec\u00e1nica y requerimientos<\/strong>\r\n\r\nPara participar los usuarios deben comprar cualquier caja de 6 o 12 vinos de la marca Casillero del Diablo en <a href=\"http:\/\/descorcha.com\">descorcha.com<\/a> entre los d\u00edas 15 de marzo y 4 de abril.\r\n\r\n&nbsp;\r\n\r\n<strong>CUARTO \/ Aceptaci\u00f3n de T\u00e9rminos y Condiciones, publicaci\u00f3n y manejo de datos<\/strong>\r\n\r\nEstas bases legales se entender\u00e1n \u00edntegra y totalmente conocidas y aceptadas por todas las personas que sean parte de este concurso, careciendo del derecho a deducir reclamo o acci\u00f3n de cualquier naturaleza en contra de Casillero del Diablo y\/o de quien act\u00fae en su nombre.\r\n\r\n&nbsp;\r\n\r\nAsimismo, al participar del presente concurso, el usuario nos da su consentimiento para que los datos registrados en el sitio sean almacenados y tratados, con el fin de sortear al ganador y despu\u00e9s comunicarnos con \u00e9l.\r\n\r\n&nbsp;\r\n\r\nEl uso de los datos enviados, adem\u00e1s est\u00e1 sujeto a las <strong>Condiciones de Privacidad y Uso de Datos de Casillero del Diablo.<\/strong> En cualquier momento, los participantes pueden revocar su consentimiento y oponerse al tratamiento de sus datos, teniendo los derechos de acceso, eliminaci\u00f3n, modificaci\u00f3n o bloqueo de los mismos, de acuerdo a la Ley 19.628 sobre \u201cProtecci\u00f3n de Datos Personales\u201d, y el c\u00f3digo de conducta de la IAB Chile. No obstante, si usted ejerce cualquiera de estas acciones y decide oponerse al tratamiento de sus datos, queda inmediatamente excluido de participar del presente concurso. Para efectos del ejercicio de derechos, el participante podr\u00e1 ponerse en contacto al correo remover@casillerodeldiablo.com y comunicar su decisi\u00f3n de revocar su participaci\u00f3n.\r\n\r\n&nbsp;\r\n\r\n<strong>QUINTO \/<\/strong> <strong>Restricciones y Exclusiones<\/strong>\r\n\r\nNo podr\u00e1n participar en este concurso aquellas personas que sean empleados de Vi\u00f1a Concha y Toro ni sus familiares directos, y tampoco personal que trabaje en la agencia a cargo de la administraci\u00f3n de las redes sociales de la marca.\r\n\r\n&nbsp;\r\n\r\n<strong>SEXTO \/ Determinaci\u00f3n de los Ganadores<\/strong>\r\n\r\nSe sortear\u00e1 cada semana a cuatro (4) ganadores de una camiseta oficial de Manchester United cada uno, Temporada 2019\/2020. El proceso de determinaci\u00f3n del ganador consiste en un sorteo aleatorio (v\u00eda <a href=\"https:\/\/www.random.org\/\">https:\/\/www.random.org\/<\/a>) entre todos los participantes que cumplan con el punto SEGUNDO y TERCERO.\r\n\r\n&nbsp;\r\n\r\nEl nombre del ganador se dar\u00e1 a conocer en una publicaci\u00f3n en las stories del Instagram Casillero del Diablo el mismo d\u00eda del sorteo: lunes 22 de marzo; lunes 29 de marzo y lunes 5 de abril.\r\n\r\n&nbsp;\r\n\r\n<strong>S\u00c9PTIMO \/ Premio<\/strong>\r\n\r\nCuatro (4) ganadores semanales de una camiseta oficial de Manchester United cada uno, Temporada 2019\/2020\r\n\r\n&nbsp;\r\n\r\n<strong>OCTAVO \/ Condiciones para hacer efectivo el premio<\/strong>\r\n\r\nDespu\u00e9s de haber sido notificado a trav\u00e9s de correo electr\u00f3nico, el ganador tendr\u00e1 que comunicarse en los pr\u00f3ximos 3 d\u00edas h\u00e1biles con Casillero del Diablo por la misma v\u00eda.\r\n\r\n&nbsp;\r\n\r\nLuego de la recepci\u00f3n de respuesta del ganador(a), Casillero del Diablo y Concha y Toro se comunicar\u00e1n con \u00e9l o ella para gestionar el env\u00edo de su premio. Concha y Toro no dar\u00e1 premios a terceros. Los premios no son canjeables por dinero en efectivo o de cualquier otra especie.\r\n\r\n&nbsp;\r\n\r\n<strong>NOVENO\/ Responsabilidades<\/strong>\r\n\r\nTodo participante de la promoci\u00f3n faculta expresamente a Casillero del Diablo para permitir tomar fotograf\u00edas y\/o para utilizar su nombre e imagen en publicaciones sobre el concurso, que se compartir\u00e1n en Instagram y\/o Facebook.\r\n\r\n&nbsp;\r\n\r\n<strong>D\u00c9CIMO\/ Disposiciones Generales<\/strong>\r\n\r\nCasillero del Diablo se reserva el derecho de modificar total o parcialmente los presentes T\u00e9rminos y Condiciones, antes o durante cualquier etapa del concurso, o finalizar anticipadamente la vigencia del mismo, informando al efecto las causas de tal decisi\u00f3n a sus seguidores a trav\u00e9s de su fan page.\r\n\r\n&nbsp;\r\n\r\nCasillero del Diablo se reserva el derecho de publicar y difundir por los medios de comunicaci\u00f3n o redes sociales que estime convenientes, el nombre y\/o las im\u00e1genes del ganador del premio de este concurso. Para estos efectos, podr\u00e1 nombrar, individualizar, fotografiar y\/o filmar a los ganadores, sin que por ello deba efectuarse pago alguno, en dinero o en especies.\r\n\r\n&nbsp;\r\n\r\nAsimismo, Casillero del Diablo y\/o quien act\u00fae en su nombre se reserva el derecho de <strong>descalificar<\/strong> e iniciar las acciones legales que procedan en contra de cualquier participante o persona que resulte responsable, en caso de detectar irregularidades durante o despu\u00e9s de la realizaci\u00f3n del presente concurso, tales como falsificaci\u00f3n de datos, suplantaci\u00f3n de personas, adulteraci\u00f3n de informaci\u00f3n, simulaci\u00f3n, etc.\r\n\r\n&nbsp;\r\n\r\nFacebook e Instagram, no patrocinan, avalan ni administran de modo alguno esta promoci\u00f3n, ni est\u00e1n asociado a ella.\r\n\r\n&nbsp;\r\n\r\nPara todos los efectos legales se fija domicilio de Casillero del Diablo en la ciudad de Santiago.\r\n\r\n&nbsp;\r\n\r\nSantiago de Chile, 15 de marzo de 2021.\r\n\r\n<strong>\u00a0<\/strong>","protected":false},"excerpt":{"rendered":"T\u00e9rminos y Condiciones Sorteo Semanal de 4 Camisetas de Manchester United en Descorcha.com por compras de Casillero del Diablo &nbsp; PRIMERO \/ Antecedentes Generales Casillero del Diablo realizar\u00e1 un sorteo semanal de 4 camisetas de Manchester United Temporada 2019\/2020, desde el 15 de marzo al d\u00eda 4 de abril, entre todos quienes compren cajas de [&hellip;]","protected":false},"author":4,"featured_media":0,"parent":0,"menu_order":0,"comment_status":"closed","ping_status":"closed","template":"page-terms.php","meta":{"_acf_changed":false,"footnotes":""},"class_list":["post-2029","page","type-page","status-publish","hentry"],"acf":[],"_links":{"self":[{"href":"https:\/\/www.casillerodeldiablo.com\/es\/wp-json\/wp\/v2\/pages\/2029","targetHints":{"allow":["GET"]}}],"collection":[{"href":"https:\/\/www.casillerodeldiablo.com\/es\/wp-json\/wp\/v2\/pages"}],"about":[{"href":"https:\/\/www.casillerodeldiablo.com\/es\/wp-json\/wp\/v2\/types\/page"}],"author":[{"embeddable":true,"href":"https:\/\/www.casillerodeldiablo.com\/es\/wp-json\/wp\/v2\/users\/4"}],"replies":[{"embeddable":true,"href":"https:\/\/www.casillerodeldiablo.com\/es\/wp-json\/wp\/v2\/comments?post=2029"}],"version-history":[{"count":4,"href":"https:\/\/www.casillerodeldiablo.com\/es\/wp-json\/wp\/v2\/pages\/2029\/revisions"}],"predecessor-version":[{"id":2033,"href":"https:\/\/www.casillerodeldiablo.com\/es\/wp-json\/wp\/v2\/pages\/2029\/revisions\/2033"}],"wp:attachment":[{"href":"https:\/\/www.casillerodeldiablo.com\/es\/wp-json\/wp\/v2\/media?parent=2029"}],"curies":[{"name":"wp","href":"https:\/\/api.w.org\/{rel}","templated":true}]}}