{"id":2024,"date":"2021-03-08T17:48:39","date_gmt":"2021-03-08T20:48:39","guid":{"rendered":"https:\/\/www.casillerodeldiablo.com\/?page_id=2024"},"modified":"2021-03-08T17:48:39","modified_gmt":"2021-03-08T20:48:39","slug":"terminos-y-condiciones-juego-botines","status":"publish","type":"page","link":"https:\/\/www.casillerodeldiablo.com\/es\/terminos-y-condiciones-juego-botines\/","title":{"rendered":"T\u00e9rminos y Condiciones JUEGO BOTINES"},"content":{"rendered":"<b>PRIMERO \/ Antecedentes Generales<\/b>\r\n\r\n<span style=\"font-weight: 400;\">Casillero del Diablo realizar\u00e1 un concurso desde el MARTES 16 AL DOMINGO 21 DE MARZO en su Instagram: <\/span><a href=\"https:\/\/www.instagram.com\/casillero_diablo\/\"><span style=\"font-weight: 400;\">https:\/\/www.instagram.com\/casillero_diablo\/<\/span><\/a><span style=\"font-weight: 400;\">\u00a0<\/span>\r\n\r\n&nbsp;\r\n\r\n<span style=\"font-weight: 400;\">Concha y Toro, a trav\u00e9s de su marca Casillero del Diablo es el organizador y facilitador de esta promoci\u00f3n y sus premios (como se detallar\u00e1 a continuaci\u00f3n). Estos t\u00e9rminos y condiciones son entre Concha y Toro y los participantes en esta promoci\u00f3n.<\/span>\r\n\r\n&nbsp;\r\n\r\n<span style=\"font-weight: 400;\">Si bien se hace referencia a Manchester United a continuaci\u00f3n, Concha y Toro declara, para evitar cualquier duda, que es el organizador y promotor de esta promoci\u00f3n. Manchester United no forma parte de estos t\u00e9rminos y condiciones y, por tanto, en la medida legalmente permitida, no tendr\u00e1 ninguna responsabilidad en este respecto con ning\u00fan participante de esta promoci\u00f3n y\/o los premios. Concha y Toro es el \u00fanico garante para el suministro de los premios a los ganadores del concurso<\/span>\r\n\r\n&nbsp;\r\n\r\n<b>SEGUNDO \/ Requisitos para participar<\/b>\r\n\r\n<span style=\"font-weight: 400;\">Podr\u00e1n participar en el sorteo todas las personas naturales, mayores de edad, residentes en Chile continental, que comenten en la publicaci\u00f3n indicada.\u00a0<\/span>\r\n\r\n&nbsp;\r\n\r\n<b>TERCERO\/ Mec\u00e1nica y requerimientos<\/b>\r\n\r\n<span style=\"font-weight: 400;\">Para participar, los usuarios deben ver la imagen de la publicaci\u00f3n del concurso, encontrar los botines dorados y comentar indicando el cuadrante en que estos se encuentran.\u00a0\u00a0<\/span>\r\n\r\n<span style=\"font-weight: 400;\">\u00a0<\/span>\r\n\r\n&nbsp;\r\n\r\n<b>CUARTO \/ Aceptaci\u00f3n de T\u00e9rminos y Condiciones, publicaci\u00f3n y manejo de datos<\/b>\r\n\r\n<span style=\"font-weight: 400;\">Estas bases legales se entender\u00e1n \u00edntegra y totalmente conocidas y aceptadas por todas las personas que sean parte de este concurso, careciendo del derecho a deducir reclamo o acci\u00f3n de cualquier naturaleza en contra de Casillero del Diablo y\/o de quien act\u00fae en su nombre.<\/span>\r\n\r\n&nbsp;\r\n\r\n<span style=\"font-weight: 400;\">Asimismo, al participar del presente concurso, el usuario nos da su consentimiento para que los datos registrados en el sitio sean almacenados y tratados, con el fin de sortear al ganador y despu\u00e9s comunicarnos con \u00e9l.<\/span>\r\n\r\n&nbsp;\r\n\r\n<span style=\"font-weight: 400;\">El uso de los datos enviados, adem\u00e1s est\u00e1 sujeto a las Condiciones de Privacidad y Uso de Datos de Casillero del Diablo. En cualquier momento, los participantes pueden revocar su consentimiento y oponerse al tratamiento de sus datos, teniendo los derechos de acceso, eliminaci\u00f3n, modificaci\u00f3n o bloqueo de los mismos, de acuerdo a la Ley 19.628 sobre \u201cProtecci\u00f3n de Datos Personales\u201d, y el c\u00f3digo de conducta de la IAB Chile. No obstante, si usted ejerce cualquiera de estas acciones y decide oponerse al tratamiento de sus datos, queda inmediatamente excluido de participar del presente concurso. Para efectos del ejercicio de derechos, el participante podr\u00e1 ponerse en contacto al correo remover@casillerodeldiablo.com y comunicar su decisi\u00f3n de revocar su participaci\u00f3n.<\/span>\r\n\r\n&nbsp;\r\n\r\n<b>QUINTO \/ Restricciones y Exclusiones<\/b>\r\n\r\n<span style=\"font-weight: 400;\">No podr\u00e1n participar en este concurso aquellas personas que sean empleados de Vi\u00f1a Concha y Toro ni sus familiares directos, y tampoco personal que trabaje en la agencia a cargo de la administraci\u00f3n de las redes sociales de la marca.<\/span>\r\n\r\n&nbsp;\r\n\r\n<b>SEXTO \/ Determinaci\u00f3n de los Ganadores<\/b>\r\n\r\n<span style=\"font-weight: 400;\">Se sortear\u00e1 a cuatro (4) ganadores de un exclusivo Gift Pack de la alianza Casillero del Diablo y Manchester United.<\/span>\r\n\r\n&nbsp;\r\n\r\n<span style=\"font-weight: 400;\">El proceso de determinaci\u00f3n del ganador consiste en un sorteo aleatorio (v\u00eda https:\/\/www.random.org) en las dependencias de la agencia realizadora del concurso, entre todos los participantes quienes hayan comentando el cuadrante correcto en los comentarios de la publicaci\u00f3n y que hayan cumplido con el punto SEGUNDO y TERCERO.<\/span>\r\n\r\n&nbsp;\r\n\r\n<span style=\"font-weight: 400;\">El nombre del ganador o ganadora se dar\u00e1 a conocer en una publicaci\u00f3n en las stories del Instagram de Casillero del Diablo el d\u00eda del sorteo LUNES 22 DE MARZO y como respuesta en el comentario ganador en la publicaci\u00f3n de Instagram del concurso.<\/span>\r\n\r\n&nbsp;\r\n\r\n<b>S\u00c9PTIMO \/ Premio<\/b>\r\n\r\n<span style=\"font-weight: 400;\">Se sortear\u00e1 a tres (3) ganadores de un exclusivo Gift Pack de la alianza Casillero del Diablo y Manchester United.<\/span>\r\n\r\n&nbsp;\r\n\r\n<span style=\"font-weight: 400;\">Cada Gift Pack contiene:<\/span>\r\n<ul>\r\n \t<li style=\"font-weight: 400;\" aria-level=\"1\"><span style=\"font-weight: 400;\">Polera Two Devil\u2019s Black Shirt<\/span><\/li>\r\n \t<li style=\"font-weight: 400;\" aria-level=\"1\"><span style=\"font-weight: 400;\">Bolso Drawstring Bag CDD &#8211; MU<\/span><\/li>\r\n \t<li style=\"font-weight: 400;\" aria-level=\"1\"><span style=\"font-weight: 400;\">Mug CDD &#8211; MU<\/span><\/li>\r\n \t<li style=\"font-weight: 400;\" aria-level=\"1\"><span style=\"font-weight: 400;\">Pelota CDD &#8211; MU<\/span><\/li>\r\n \t<li style=\"font-weight: 400;\" aria-level=\"1\"><span style=\"font-weight: 400;\">Llavero Key Ring CDD &#8211; MU<\/span><\/li>\r\n \t<li style=\"font-weight: 400;\" aria-level=\"1\"><span style=\"font-weight: 400;\">Libreta CDD &#8211; MU<\/span><\/li>\r\n \t<li style=\"font-weight: 400;\" aria-level=\"1\"><span style=\"font-weight: 400;\">Botella CDD &#8211; MU<\/span><\/li>\r\n \t<li style=\"font-weight: 400;\" aria-level=\"1\"><span style=\"font-weight: 400;\">Bufanda CDD &#8211; MU<\/span><\/li>\r\n \t<li style=\"font-weight: 400;\" aria-level=\"1\"><span style=\"font-weight: 400;\">L\u00e1piz CDD &#8211; MU<\/span><\/li>\r\n<\/ul>\r\n&nbsp;\r\n\r\n<b>OCTAVO \/ Condiciones para hacer efectivo el premio<\/b>\r\n\r\n<span style=\"font-weight: 400;\">Despu\u00e9s de haber sido notificado respondiendo a su comentario en la publicaci\u00f3n de Instagram, el ganador tendr\u00e1 que comunicarse en los pr\u00f3ximos 3 d\u00edas h\u00e1biles con Casillero del Diablo por mensaje privado a trav\u00e9s de la misma v\u00eda.<\/span>\r\n\r\n&nbsp;\r\n\r\n<span style=\"font-weight: 400;\">Luego de la recepci\u00f3n de respuesta del ganador(a), Casillero del Diablo y Concha y Toro se comunicar\u00e1n con \u00e9l o ella para gestionar su premio. Concha y Toro no dar\u00e1 premios a terceros. Los premios no son canjeables por dinero en efectivo o de cualquier otra especie.<\/span>\r\n\r\n&nbsp;\r\n\r\n<span style=\"font-weight: 400;\">Ser\u00e1 de responsabilidad de los ganadores asumir cualquier impuesto o gastos adicional relacionado con la entrega, asignaci\u00f3n o uso de cualquiera de los premios.<\/span>\r\n\r\n&nbsp;\r\n\r\n<span style=\"font-weight: 400;\">El premio puede tardar hasta 4 meses en ser enviado al ganador(a).\u00a0<\/span>\r\n\r\n&nbsp;\r\n\r\n<b>NOVENO\/ Responsabilidades<\/b>\r\n\r\n<span style=\"font-weight: 400;\">Todo participante de la promoci\u00f3n faculta expresamente a Casillero del Diablo para permitir tomar fotograf\u00edas y\/o para utilizar su nombre e imagen en publicaciones sobre el concurso, que se compartir\u00e1n en Instagram y\/o Facebook.<\/span>\r\n\r\n&nbsp;\r\n\r\n<b>D\u00c9CIMO\/ Disposiciones Generales<\/b>\r\n\r\n<span style=\"font-weight: 400;\">Casillero del Diablo se reserva el derecho de modificar total o parcialmente los presentes T\u00e9rminos y Condiciones, antes o durante cualquier etapa del concurso, o finalizar anticipadamente la vigencia del mismo, informando al efecto las causas de tal decisi\u00f3n a sus seguidores a trav\u00e9s de su fan page.<\/span>\r\n\r\n&nbsp;\r\n\r\n<span style=\"font-weight: 400;\">Casillero del Diablo se reserva el derecho de publicar y difundir por los medios de comunicaci\u00f3n o redes sociales que estime convenientes, el nombre y\/o las im\u00e1genes del ganador del premio de este concurso. Para estos efectos, podr\u00e1 nombrar, individualizar, fotografiar y\/o filmar a los ganadores, sin que por ello deba efectuarse pago alguno, en dinero o en especies.<\/span>\r\n\r\n&nbsp;\r\n\r\n<span style=\"font-weight: 400;\">Asimismo, Casillero del Diablo y\/o quien act\u00fae en su nombre se reserva el derecho de descalificar e iniciar las acciones legales que procedan en contra de cualquier participante o persona que resulte responsable, en caso de detectar irregularidades durante o despu\u00e9s de la realizaci\u00f3n del presente concurso, tales como falsificaci\u00f3n de datos, suplantaci\u00f3n de personas, adulteraci\u00f3n de informaci\u00f3n, simulaci\u00f3n, etc. Facebook e Instagram, no patrocinan, avalan ni administran de modo alguno esta promoci\u00f3n, ni est\u00e1n asociados a ella.<\/span>\r\n\r\n&nbsp;\r\n\r\n<b>D\u00c9CIMO PRIMERO\/ Legislaci\u00f3n y Jurisdicci\u00f3n Aplicable<\/b>\r\n\r\n&nbsp;\r\n\r\n<span style=\"font-weight: 400;\">La campa\u00f1a promocional (promoci\u00f3n) se regir\u00e1 por las leyes de la Rep\u00fablica de Chile. En caso de controversia originada por la presente promoci\u00f3n, esto se regir\u00e1 por la jurisdicci\u00f3n de los tribunales comerciales de la ciudad de Santiago.<\/span>\r\n\r\n&nbsp;\r\n\r\n<span style=\"font-weight: 400;\">Para todos los efectos legales se fija domicilio de Casillero del Diablo en la ciudad de Santiago.<\/span>\r\n\r\n&nbsp;\r\n\r\n<span style=\"font-weight: 400;\">Santiago de Chile, martes 16 de marzo de 2021<\/span>","protected":false},"excerpt":{"rendered":"PRIMERO \/ Antecedentes Generales Casillero del Diablo realizar\u00e1 un concurso desde el MARTES 16 AL DOMINGO 21 DE MARZO en su Instagram: https:\/\/www.instagram.com\/casillero_diablo\/\u00a0 &nbsp; Concha y Toro, a trav\u00e9s de su marca Casillero del Diablo es el organizador y facilitador de esta promoci\u00f3n y sus premios (como se detallar\u00e1 a continuaci\u00f3n). Estos t\u00e9rminos y condiciones [&hellip;]","protected":false},"author":4,"featured_media":0,"parent":0,"menu_order":0,"comment_status":"closed","ping_status":"closed","template":"page-terms.php","meta":{"_acf_changed":false,"footnotes":""},"class_list":["post-2024","page","type-page","status-publish","hentry"],"acf":[],"_links":{"self":[{"href":"https:\/\/www.casillerodeldiablo.com\/es\/wp-json\/wp\/v2\/pages\/2024","targetHints":{"allow":["GET"]}}],"collection":[{"href":"https:\/\/www.casillerodeldiablo.com\/es\/wp-json\/wp\/v2\/pages"}],"about":[{"href":"https:\/\/www.casillerodeldiablo.com\/es\/wp-json\/wp\/v2\/types\/page"}],"author":[{"embeddable":true,"href":"https:\/\/www.casillerodeldiablo.com\/es\/wp-json\/wp\/v2\/users\/4"}],"replies":[{"embeddable":true,"href":"https:\/\/www.casillerodeldiablo.com\/es\/wp-json\/wp\/v2\/comments?post=2024"}],"version-history":[{"count":1,"href":"https:\/\/www.casillerodeldiablo.com\/es\/wp-json\/wp\/v2\/pages\/2024\/revisions"}],"predecessor-version":[{"id":2025,"href":"https:\/\/www.casillerodeldiablo.com\/es\/wp-json\/wp\/v2\/pages\/2024\/revisions\/2025"}],"wp:attachment":[{"href":"https:\/\/www.casillerodeldiablo.com\/es\/wp-json\/wp\/v2\/media?parent=2024"}],"curies":[{"name":"wp","href":"https:\/\/api.w.org\/{rel}","templated":true}]}}