{"id":19,"date":"2020-07-07T16:55:07","date_gmt":"2020-07-07T20:55:07","guid":{"rendered":"https:\/\/www.casillerodeldiablo.com\/?page_id=19"},"modified":"2023-09-28T16:10:09","modified_gmt":"2023-09-28T19:10:09","slug":"devils-collection","status":"publish","type":"page","link":"https:\/\/www.casillerodeldiablo.com\/es\/the-wines\/devils-collection\/","title":{"rendered":"Devil&#8217;s Collection"},"content":{"rendered":"Con un estilo \u00fanico e innovador Devil\u2019s Collection se compone de cuatro vinos elaborados bajo la total discreci\u00f3n de nuestro en\u00f3logo. Esta colecci\u00f3n fue creada para quienes saben disfrutar cada momento, sin restricciones ni complicaciones, junto a la mejor compa\u00f1\u00eda en un grato ambiente de distracci\u00f3n y diversi\u00f3n.","protected":false},"excerpt":{"rendered":"Con un estilo \u00fanico e innovador Devil\u2019s Collection se compone de cuatro vinos elaborados bajo la total discreci\u00f3n de nuestro en\u00f3logo. Esta colecci\u00f3n fue creada para quienes saben disfrutar cada momento, sin restricciones ni complicaciones, junto a la mejor compa\u00f1\u00eda en un grato ambiente de distracci\u00f3n y diversi\u00f3n.","protected":false},"author":6,"featured_media":1900,"parent":13,"menu_order":2,"comment_status":"closed","ping_status":"closed","template":"","meta":{"_acf_changed":false,"footnotes":""},"class_list":["post-19","page","type-page","status-publish","has-post-thumbnail","hentry"],"acf":[],"_links":{"self":[{"href":"https:\/\/www.casillerodeldiablo.com\/es\/wp-json\/wp\/v2\/pages\/19","targetHints":{"allow":["GET"]}}],"collection":[{"href":"https:\/\/www.casillerodeldiablo.com\/es\/wp-json\/wp\/v2\/pages"}],"about":[{"href":"https:\/\/www.casillerodeldiablo.com\/es\/wp-json\/wp\/v2\/types\/page"}],"author":[{"embeddable":true,"href":"https:\/\/www.casillerodeldiablo.com\/es\/wp-json\/wp\/v2\/users\/6"}],"replies":[{"embeddable":true,"href":"https:\/\/www.casillerodeldiablo.com\/es\/wp-json\/wp\/v2\/comments?post=19"}],"version-history":[{"count":10,"href":"https:\/\/www.casillerodeldiablo.com\/es\/wp-json\/wp\/v2\/pages\/19\/revisions"}],"predecessor-version":[{"id":1999,"href":"https:\/\/www.casillerodeldiablo.com\/es\/wp-json\/wp\/v2\/pages\/19\/revisions\/1999"}],"up":[{"embeddable":true,"href":"https:\/\/www.casillerodeldiablo.com\/es\/wp-json\/wp\/v2\/pages\/13"}],"wp:featuredmedia":[{"embeddable":true,"href":"https:\/\/www.casillerodeldiablo.com\/es\/wp-json\/wp\/v2\/media\/1900"}],"wp:attachment":[{"href":"https:\/\/www.casillerodeldiablo.com\/es\/wp-json\/wp\/v2\/media?parent=19"}],"curies":[{"name":"wp","href":"https:\/\/api.w.org\/{rel}","templated":true}]}}